{"id":19,"date":"2024-03-25T18:22:28","date_gmt":"2024-03-25T22:22:28","guid":{"rendered":"http:\/\/gbxzpdy.cluster051.hosting.ovh.net\/?page_id=19"},"modified":"2025-01-24T13:52:05","modified_gmt":"2025-01-24T17:52:05","slug":"nous-joindre","status":"publish","type":"page","link":"https:\/\/www.albatrosgatineaulalievre.org\/index.php\/nous-joindre\/","title":{"rendered":"Nous joindre"},"content":{"rendered":"<h1>Nous joindre<\/h1>\n\n<div class=\"wp-block-image\">\n<figure class=\"alignright size-full is-resized\"><img fetchpriority=\"high\" decoding=\"async\" width=\"516\" height=\"373\" src=\"https:\/\/www.albatrosgatineaulalievre.org\/wp-content\/uploads\/2024\/03\/Contactez-nous.png\" alt=\"Contactez-nous\" class=\"wp-image-164\" style=\"width:386px;height:auto\" srcset=\"https:\/\/www.albatrosgatineaulalievre.org\/wp-content\/uploads\/2024\/03\/Contactez-nous.png 516w, https:\/\/www.albatrosgatineaulalievre.org\/wp-content\/uploads\/2024\/03\/Contactez-nous-300x217.png 300w\" sizes=\"(max-width: 516px) 100vw, 516px\" \/><\/figure><\/div>\n\n\n<p>Vous pouvez contacter un membre de notre \u00e9quipe en tout temps, pour faire une demande de services pour vous-m\u00eame, pour nous r\u00e9f\u00e9rer une personne, pour devenir b\u00e9n\u00e9vole, pour vous inscrire \u00e0 une formation ou pour toutes autres demandes de renseignements.<\/p>\n\n\n\n<p>Par exemple<\/p>\n\n\n\n<ul>\n<li>pour <strong>plus de renseignements <\/strong>concernant n&rsquo;importe quel aspect de notre organisme,<strong> la formation, le financement, le b\u00e9n\u00e9volat, l&rsquo;accompagnement, etc&#8230;<\/strong>;<\/li>\n\n\n\n<li>pour obtenir des<strong> d\u00e9pliants <\/strong>et des <strong>cartes d&rsquo;affaires <\/strong>pour distribuer dans vos milieux;<\/li>\n\n\n\n<li>pour qu&rsquo;une conf\u00e9renci\u00e8re offre<strong> une pr\u00e9sentation<\/strong> lors d&rsquo;un de vos \u00e9v\u00e9nements concernant l&rsquo;accompagnement en fin de vie;<\/li>\n\n\n\n<li>pour pr\u00e9senter Albatros Gatineau &#8211; La Li\u00e8vre \u00e0 <strong>un kiosque<\/strong> sur l&#8217;emploi, le b\u00e9n\u00e9volat, la proche aidance, les soins palliatifs;<\/li>\n\n\n\n<li>pour faire partie d&rsquo;une <strong>table de concertation de personnes \u00e2g\u00e9es et retrait\u00e9es, de soins palliatifs, de proche aidant(e), etc&#8230;<\/strong>;<\/li>\n\n\n\n<li>pour assister \u00e0 nos<strong> formations<\/strong> (pour d\u00e9mystifier la mort, pour augmenter vos comp\u00e9tences, pour accompagner vos proches, pour devenir b\u00e9n\u00e9vole avec notre organisme); ou encore<\/li>\n\n\n\n<li>pour obtenir<strong> nos services d&rsquo;accompagnements pour vous ou pour un proche.<\/strong><\/li>\n<\/ul>\n\n\n<div class=\"wp-block-image\">\n<figure class=\"aligncenter size-full\"><img decoding=\"async\" width=\"752\" height=\"134\" src=\"https:\/\/www.albatrosgatineaulalievre.org\/wp-content\/uploads\/2024\/03\/filigrame-small.png\" alt=\"\" class=\"wp-image-503\" srcset=\"https:\/\/www.albatrosgatineaulalievre.org\/wp-content\/uploads\/2024\/03\/filigrame-small.png 752w, https:\/\/www.albatrosgatineaulalievre.org\/wp-content\/uploads\/2024\/03\/filigrame-small-300x53.png 300w\" sizes=\"(max-width: 752px) 100vw, 752px\" \/><\/figure><\/div>\n\n\n<p>Veuillez nous laisser un message dans notre bo\u00eete de courriel : <a href=\"mailto:AlbatrosGatineauLL@gmail.com\" target=\"_blank\" rel=\"noreferrer noopener\">AlbatrosGatineauLL@gmail.com<\/a>.<\/p>\n\n\n\n<p>Vous souhaitez <strong>obtenir\u00a0de l&rsquo;accompagnement <\/strong>pour vous ou pour un(e) proche, veuillez nous joindre directement au <strong>(<\/strong><strong>873) 455-9632<\/strong>.<\/p>\n\n\n\n<p><strong>Horaire :<\/strong> <\/p>\n\n\n\n<p>Nous prenons les appels de <strong>9h \u00e0 21h<\/strong>, si nous ne r\u00e9pondons pas imm\u00e9diatement, veuillez  laisser un message dans la boite vocale et nous vous rappellerons d\u00e8s que nous le pourrons et ce <strong>7 jours sur 7.<\/strong><\/p>\n\n\n\n<p>Pour le projet pilot \u00ab<strong> Passage vers la lumi\u00e8re<\/strong> \u00bb qui est disponible 24\/7, veuillez nous t\u00e9l\u00e9phoner pour faire un arrangement particulier. Car personne ne devrait mourir seul. <\/p>\n\n\n\n<p><strong>Notre adresse physique<\/strong><\/p>\n\n\n\n<p>&nbsp;&nbsp;&nbsp;&nbsp;&nbsp;&nbsp;&nbsp;&nbsp;115 boulevard Sacr\u00e9-Coeur, bureau # 103<br> &nbsp;&nbsp;&nbsp;&nbsp;&nbsp;&nbsp;&nbsp;&nbsp;Gatineau (Qu\u00e9bec) <br>&nbsp;&nbsp;&nbsp;&nbsp;&nbsp;&nbsp;&nbsp;&nbsp;J8X 1C5<\/p>\n\n\n\n<p><strong>Notre adresse postale<\/strong><\/p>\n\n\n\n<p>&nbsp;&nbsp;&nbsp;&nbsp;&nbsp;&nbsp;&nbsp;&nbsp;CP 2901 PO Buckingham <br>&nbsp;&nbsp;&nbsp;&nbsp;&nbsp;&nbsp;&nbsp;&nbsp;Gatineau (Qu\u00e9bec) <br>&nbsp;&nbsp;&nbsp;&nbsp;&nbsp;&nbsp;&nbsp;&nbsp;J8L 2X5<\/p>\n\n\n\n<p>Veuillez vous joindre \u00e0 notre groupe Facebook : <a href=\"https:\/\/www.facebook.com\/groups\/AlbatrosGatineauLaLievre\" target=\"_blank\" rel=\"noreferrer noopener\">https:\/\/www.facebook.com\/groups\/AlbatrosGatineauLaLievre<\/a><\/p>\n\n\n\n<p class=\"has-background has-medium-font-size\" style=\"background-color:#cee2ee\">Vous avez des suggestions, de la r\u00e9troaction, des partages ou des commentaires concernant notre site, notre organisme, nos accompagnants ou tout autres choses, veuillez remplir le formulaire suivant pour nous en faire part :  <a href=\"https:\/\/forms.gle\/FXDF5sqS1o8Ta3BP7\" data-type=\"link\" data-id=\"https:\/\/forms.gle\/FXDF5sqS1o8Ta3BP7\" target=\"_blank\" rel=\"noreferrer noopener\">https:\/\/forms.gle\/FXDF5sqS1o8Ta3BP7<\/a>.<\/p>\n\n\n\n<p><\/p>\n\n\n\n<p>Pour toute question concernant les renseignements personnels de notre groupe, veuillez contacter: Manon Latour\nen laissant un message dans notre bo\u00eete de courriel : <a href=\"mailto:AlbatrosGatineauLL@gmail.com\" target=\"_blank\" rel=\"noreferrer noopener\">AlbatrosGatineauLL@gmail.com<\/a>. <\/p>\n","protected":false},"excerpt":{"rendered":"<p>Nous joindre Vous pouvez contacter un membre de notre \u00e9quipe en tout temps, pour faire une demande de services pour vous-m\u00eame, pour nous r\u00e9f\u00e9rer une personne, pour devenir b\u00e9n\u00e9vole, pour vous inscrire \u00e0 une formation ou pour toutes autres demandes de renseignements. Par exemple Veuillez nous laisser un message dans notre bo\u00eete de courriel : [&hellip;]<\/p>\n","protected":false},"author":1,"featured_media":0,"parent":0,"menu_order":0,"comment_status":"closed","ping_status":"closed","template":"","meta":{"ocean_post_layout":"","ocean_both_sidebars_style":"","ocean_both_sidebars_content_width":0,"ocean_both_sidebars_sidebars_width":0,"ocean_sidebar":"","ocean_second_sidebar":"","ocean_disable_margins":"enable","ocean_add_body_class":"","ocean_shortcode_before_top_bar":"","ocean_shortcode_after_top_bar":"","ocean_shortcode_before_header":"","ocean_shortcode_after_header":"","ocean_has_shortcode":"","ocean_shortcode_after_title":"","ocean_shortcode_before_footer_widgets":"","ocean_shortcode_after_footer_widgets":"","ocean_shortcode_before_footer_bottom":"","ocean_shortcode_after_footer_bottom":"","ocean_display_top_bar":"default","ocean_display_header":"default","ocean_header_style":"","ocean_center_header_left_menu":"","ocean_custom_header_template":"","ocean_custom_logo":0,"ocean_custom_retina_logo":0,"ocean_custom_logo_max_width":0,"ocean_custom_logo_tablet_max_width":0,"ocean_custom_logo_mobile_max_width":0,"ocean_custom_logo_max_height":0,"ocean_custom_logo_tablet_max_height":0,"ocean_custom_logo_mobile_max_height":0,"ocean_header_custom_menu":"","ocean_menu_typo_font_family":"","ocean_menu_typo_font_subset":"","ocean_menu_typo_font_size":0,"ocean_menu_typo_font_size_tablet":0,"ocean_menu_typo_font_size_mobile":0,"ocean_menu_typo_font_size_unit":"px","ocean_menu_typo_font_weight":"","ocean_menu_typo_font_weight_tablet":"","ocean_menu_typo_font_weight_mobile":"","ocean_menu_typo_transform":"","ocean_menu_typo_transform_tablet":"","ocean_menu_typo_transform_mobile":"","ocean_menu_typo_line_height":0,"ocean_menu_typo_line_height_tablet":0,"ocean_menu_typo_line_height_mobile":0,"ocean_menu_typo_line_height_unit":"","ocean_menu_typo_spacing":0,"ocean_menu_typo_spacing_tablet":0,"ocean_menu_typo_spacing_mobile":0,"ocean_menu_typo_spacing_unit":"","ocean_menu_link_color":"","ocean_menu_link_color_hover":"","ocean_menu_link_color_active":"","ocean_menu_link_background":"","ocean_menu_link_hover_background":"","ocean_menu_link_active_background":"","ocean_menu_social_links_bg":"","ocean_menu_social_hover_links_bg":"","ocean_menu_social_links_color":"","ocean_menu_social_hover_links_color":"","ocean_disable_title":"default","ocean_disable_heading":"default","ocean_post_title":"","ocean_post_subheading":"","ocean_post_title_style":"","ocean_post_title_background_color":"","ocean_post_title_background":0,"ocean_post_title_bg_image_position":"","ocean_post_title_bg_image_attachment":"","ocean_post_title_bg_image_repeat":"","ocean_post_title_bg_image_size":"","ocean_post_title_height":0,"ocean_post_title_bg_overlay":0.5,"ocean_post_title_bg_overlay_color":"","ocean_disable_breadcrumbs":"default","ocean_breadcrumbs_color":"","ocean_breadcrumbs_separator_color":"","ocean_breadcrumbs_links_color":"","ocean_breadcrumbs_links_hover_color":"","ocean_display_footer_widgets":"default","ocean_display_footer_bottom":"default","ocean_custom_footer_template":"","footnotes":""},"_links":{"self":[{"href":"https:\/\/www.albatrosgatineaulalievre.org\/index.php\/wp-json\/wp\/v2\/pages\/19"}],"collection":[{"href":"https:\/\/www.albatrosgatineaulalievre.org\/index.php\/wp-json\/wp\/v2\/pages"}],"about":[{"href":"https:\/\/www.albatrosgatineaulalievre.org\/index.php\/wp-json\/wp\/v2\/types\/page"}],"author":[{"embeddable":true,"href":"https:\/\/www.albatrosgatineaulalievre.org\/index.php\/wp-json\/wp\/v2\/users\/1"}],"replies":[{"embeddable":true,"href":"https:\/\/www.albatrosgatineaulalievre.org\/index.php\/wp-json\/wp\/v2\/comments?post=19"}],"version-history":[{"count":26,"href":"https:\/\/www.albatrosgatineaulalievre.org\/index.php\/wp-json\/wp\/v2\/pages\/19\/revisions"}],"predecessor-version":[{"id":2111,"href":"https:\/\/www.albatrosgatineaulalievre.org\/index.php\/wp-json\/wp\/v2\/pages\/19\/revisions\/2111"}],"wp:attachment":[{"href":"https:\/\/www.albatrosgatineaulalievre.org\/index.php\/wp-json\/wp\/v2\/media?parent=19"}],"curies":[{"name":"wp","href":"https:\/\/api.w.org\/{rel}","templated":true}]}}