{"id":55,"date":"2024-03-25T18:22:28","date_gmt":"2024-03-25T22:22:28","guid":{"rendered":"http:\/\/gbxzpdy.cluster051.hosting.ovh.net\/?page_id=55"},"modified":"2025-07-21T21:38:51","modified_gmt":"2025-07-22T01:38:51","slug":"benevoles","status":"publish","type":"page","link":"https:\/\/www.albatrosgatineaulalievre.org\/index.php\/benevoles\/","title":{"rendered":"B\u00e9n\u00e9voles"},"content":{"rendered":"\n<h2 class=\"wp-block-heading\">B\u00e9n\u00e9voles<\/h2>\n\n\n\n<p>Nous sommes une \u00e9quipe exceptionnelle de b\u00e9n\u00e9voles, ayant le bien-\u00eatre des personnes en soins palliatifs et en fin de vie et leur proche aidant \u00e0 c\u0153ur\u00a0!<\/p>\n\n\n\n<div class=\"wp-block-media-text has-media-on-the-right is-stacked-on-mobile\" style=\"grid-template-columns:auto 57%\"><div class=\"wp-block-media-text__content\">\n<p>Nous avons tous suivi avec succ\u00e8s la formation officielle d\u2019Albatros de base de 36h ou 18h.<\/p>\n\n\n\n<p>En tant que b\u00e9n\u00e9voles, nous devons r\u00e9pondre \u00e0 toutes les exigences d&rsquo;Albatros :<\/p>\n\n\n\n<ul>\n<li>D\u00e9sirer \u00eatre accompagnant(e) avec compassion, empathie, respect et bienveillance;<\/li>\n\n\n\n<li>\u00catre membre en r\u00e8gle;<\/li>\n\n\n\n<li>Respecter le code d&rsquo;\u00e9thique du mouvement Albatros;<\/li>\n\n\n\n<li>Respecter l&rsquo;obligation de confidentialit\u00e9 et la Loi 25  Protection des renseignements personnels;<\/li>\n\n\n\n<li>R\u00e9ussir la v\u00e9rification des ant\u00e9c\u00e9dents judiciaires et des r\u00e9f\u00e9rences;<\/li>\n\n\n\n<li>Compl\u00e9ter avec succ\u00e8s l&rsquo;entrevue;<\/li>\n\n\n\n<li>\u00catre disponible et engag\u00e9(e).<\/li>\n<\/ul>\n<\/div><figure class=\"wp-block-media-text__media\"><img fetchpriority=\"high\" decoding=\"async\" width=\"1024\" height=\"791\" src=\"https:\/\/www.albatrosgatineaulalievre.org\/wp-content\/uploads\/2025\/07\/2025-spirale-benevoles-v2-1024x791.png\" alt=\"\" class=\"wp-image-2366 size-full\" srcset=\"https:\/\/www.albatrosgatineaulalievre.org\/wp-content\/uploads\/2025\/07\/2025-spirale-benevoles-v2-1024x791.png 1024w, https:\/\/www.albatrosgatineaulalievre.org\/wp-content\/uploads\/2025\/07\/2025-spirale-benevoles-v2-300x232.png 300w, https:\/\/www.albatrosgatineaulalievre.org\/wp-content\/uploads\/2025\/07\/2025-spirale-benevoles-v2-768x593.png 768w, https:\/\/www.albatrosgatineaulalievre.org\/wp-content\/uploads\/2025\/07\/2025-spirale-benevoles-v2-1536x1187.png 1536w, https:\/\/www.albatrosgatineaulalievre.org\/wp-content\/uploads\/2025\/07\/2025-spirale-benevoles-v2.png 2000w\" sizes=\"(max-width: 1024px) 100vw, 1024px\" \/><\/figure><\/div>\n\n\n<p><!-- \/wp:list --><\/p>\n<p><!-- wp:paragraph --><\/p>\n<p>Pour devenir b\u00e9n\u00e9vole, contactez-nous <a href=\"mailto:AlbatrosGatineauLL@gmail.com\" target=\"_blank\" rel=\"noreferrer noopener\">AlbatrosGatineauLL@gmail.com<\/a>.<\/p>\n<p><!-- \/wp:paragraph --><\/p>\n<p><!-- wp:image {\"id\":494,\"sizeSlug\":\"large\",\"linkDestination\":\"none\"} --><\/p>\n<figure class=\"wp-block-image size-large\"><img decoding=\"async\" width=\"1024\" height=\"202\" class=\"wp-image-494\" src=\"https:\/\/www.albatrosgatineaulalievre.org\/wp-content\/uploads\/2024\/03\/filigrame-1024x202.png\" alt=\"\" srcset=\"https:\/\/www.albatrosgatineaulalievre.org\/wp-content\/uploads\/2024\/03\/filigrame-1024x202.png 1024w, https:\/\/www.albatrosgatineaulalievre.org\/wp-content\/uploads\/2024\/03\/filigrame-300x59.png 300w, https:\/\/www.albatrosgatineaulalievre.org\/wp-content\/uploads\/2024\/03\/filigrame-768x152.png 768w, https:\/\/www.albatrosgatineaulalievre.org\/wp-content\/uploads\/2024\/03\/filigrame.png 1328w\" sizes=\"(max-width: 1024px) 100vw, 1024px\" \/><\/figure>\n<p><!-- \/wp:image --><\/p>","protected":false},"excerpt":{"rendered":"<p>B\u00e9n\u00e9voles Nous sommes une \u00e9quipe exceptionnelle de b\u00e9n\u00e9voles, ayant le bien-\u00eatre des personnes en soins palliatifs et en fin de vie et leur proche aidant \u00e0 c\u0153ur\u00a0! Pour devenir b\u00e9n\u00e9vole, contactez-nous AlbatrosGatineauLL@gmail.com.<\/p>\n","protected":false},"author":1,"featured_media":0,"parent":0,"menu_order":0,"comment_status":"closed","ping_status":"closed","template":"","meta":{"ocean_post_layout":"","ocean_both_sidebars_style":"","ocean_both_sidebars_content_width":0,"ocean_both_sidebars_sidebars_width":0,"ocean_sidebar":"","ocean_second_sidebar":"","ocean_disable_margins":"enable","ocean_add_body_class":"","ocean_shortcode_before_top_bar":"","ocean_shortcode_after_top_bar":"","ocean_shortcode_before_header":"","ocean_shortcode_after_header":"","ocean_has_shortcode":"","ocean_shortcode_after_title":"","ocean_shortcode_before_footer_widgets":"","ocean_shortcode_after_footer_widgets":"","ocean_shortcode_before_footer_bottom":"","ocean_shortcode_after_footer_bottom":"","ocean_display_top_bar":"default","ocean_display_header":"default","ocean_header_style":"","ocean_center_header_left_menu":"","ocean_custom_header_template":"","ocean_custom_logo":0,"ocean_custom_retina_logo":0,"ocean_custom_logo_max_width":0,"ocean_custom_logo_tablet_max_width":0,"ocean_custom_logo_mobile_max_width":0,"ocean_custom_logo_max_height":0,"ocean_custom_logo_tablet_max_height":0,"ocean_custom_logo_mobile_max_height":0,"ocean_header_custom_menu":"","ocean_menu_typo_font_family":"","ocean_menu_typo_font_subset":"","ocean_menu_typo_font_size":0,"ocean_menu_typo_font_size_tablet":0,"ocean_menu_typo_font_size_mobile":0,"ocean_menu_typo_font_size_unit":"px","ocean_menu_typo_font_weight":"","ocean_menu_typo_font_weight_tablet":"","ocean_menu_typo_font_weight_mobile":"","ocean_menu_typo_transform":"","ocean_menu_typo_transform_tablet":"","ocean_menu_typo_transform_mobile":"","ocean_menu_typo_line_height":0,"ocean_menu_typo_line_height_tablet":0,"ocean_menu_typo_line_height_mobile":0,"ocean_menu_typo_line_height_unit":"","ocean_menu_typo_spacing":0,"ocean_menu_typo_spacing_tablet":0,"ocean_menu_typo_spacing_mobile":0,"ocean_menu_typo_spacing_unit":"","ocean_menu_link_color":"","ocean_menu_link_color_hover":"","ocean_menu_link_color_active":"","ocean_menu_link_background":"","ocean_menu_link_hover_background":"","ocean_menu_link_active_background":"","ocean_menu_social_links_bg":"","ocean_menu_social_hover_links_bg":"","ocean_menu_social_links_color":"","ocean_menu_social_hover_links_color":"","ocean_disable_title":"default","ocean_disable_heading":"default","ocean_post_title":"","ocean_post_subheading":"","ocean_post_title_style":"","ocean_post_title_background_color":"","ocean_post_title_background":0,"ocean_post_title_bg_image_position":"","ocean_post_title_bg_image_attachment":"","ocean_post_title_bg_image_repeat":"","ocean_post_title_bg_image_size":"","ocean_post_title_height":0,"ocean_post_title_bg_overlay":0.5,"ocean_post_title_bg_overlay_color":"","ocean_disable_breadcrumbs":"default","ocean_breadcrumbs_color":"","ocean_breadcrumbs_separator_color":"","ocean_breadcrumbs_links_color":"","ocean_breadcrumbs_links_hover_color":"","ocean_display_footer_widgets":"default","ocean_display_footer_bottom":"default","ocean_custom_footer_template":"","footnotes":""},"_links":{"self":[{"href":"https:\/\/www.albatrosgatineaulalievre.org\/index.php\/wp-json\/wp\/v2\/pages\/55"}],"collection":[{"href":"https:\/\/www.albatrosgatineaulalievre.org\/index.php\/wp-json\/wp\/v2\/pages"}],"about":[{"href":"https:\/\/www.albatrosgatineaulalievre.org\/index.php\/wp-json\/wp\/v2\/types\/page"}],"author":[{"embeddable":true,"href":"https:\/\/www.albatrosgatineaulalievre.org\/index.php\/wp-json\/wp\/v2\/users\/1"}],"replies":[{"embeddable":true,"href":"https:\/\/www.albatrosgatineaulalievre.org\/index.php\/wp-json\/wp\/v2\/comments?post=55"}],"version-history":[{"count":34,"href":"https:\/\/www.albatrosgatineaulalievre.org\/index.php\/wp-json\/wp\/v2\/pages\/55\/revisions"}],"predecessor-version":[{"id":2369,"href":"https:\/\/www.albatrosgatineaulalievre.org\/index.php\/wp-json\/wp\/v2\/pages\/55\/revisions\/2369"}],"wp:attachment":[{"href":"https:\/\/www.albatrosgatineaulalievre.org\/index.php\/wp-json\/wp\/v2\/media?parent=55"}],"curies":[{"name":"wp","href":"https:\/\/api.w.org\/{rel}","templated":true}]}}