{"id":56,"date":"2024-03-25T18:22:28","date_gmt":"2024-03-25T22:22:28","guid":{"rendered":"http:\/\/gbxzpdy.cluster051.hosting.ovh.net\/?page_id=56"},"modified":"2025-07-07T22:49:14","modified_gmt":"2025-07-08T02:49:14","slug":"les-formations","status":"publish","type":"page","link":"https:\/\/www.albatrosgatineaulalievre.org\/index.php\/les-formations\/","title":{"rendered":"Les formations"},"content":{"rendered":"<h1>Les formations<\/h1>\n\n\n<h2 class=\"wp-block-heading\">Formation g\u00e9n\u00e9rale de 36 heures\u00a9 &#8211; Accompagnement des personnes en soins palliatifs et en fin de vie et le soutien \u00e0 leurs proches<\/h2>\n\n\n\n<div class=\"wp-block-media-text is-stacked-on-mobile\" style=\"grid-template-columns:38% auto\"><figure class=\"wp-block-media-text__media\"><img fetchpriority=\"high\" decoding=\"async\" width=\"1024\" height=\"514\" src=\"http:\/\/gbxzpdy.cluster051.hosting.ovh.net\/wp-content\/uploads\/2024\/03\/formations-1024x514.png\" alt=\"Martine Fortier enseignant en classe\" class=\"wp-image-85 size-full\" srcset=\"https:\/\/www.albatrosgatineaulalievre.org\/wp-content\/uploads\/2024\/03\/formations-1024x514.png 1024w, https:\/\/www.albatrosgatineaulalievre.org\/wp-content\/uploads\/2024\/03\/formations-300x150.png 300w, https:\/\/www.albatrosgatineaulalievre.org\/wp-content\/uploads\/2024\/03\/formations-768x385.png 768w, https:\/\/www.albatrosgatineaulalievre.org\/wp-content\/uploads\/2024\/03\/formations.png 1362w\" sizes=\"(max-width: 1024px) 100vw, 1024px\" \/><\/figure><div class=\"wp-block-media-text__content\">\n<p>Nous formons des citoyens \u00e0 accompagner des proches ayant des maladies graves en soins palliatifs et fin de vie. Certains d\u2019entre eux d\u00e9cideront de devenir b\u00e9n\u00e9voles ou encore s&rsquo;en serviront dans leur travail, leur milieu familial, aupr\u00e8s de leurs amis. Cette formation permet d&rsquo;avoir une meilleure confiance en soi et offre de beaux outils pour accompagner avec bientraitance, bienveillance et respect de la personne. Certains prennent le cours pour apprivoiser la mort, mieux comprendre ces derniers moment et d&rsquo;autres deviendront b\u00e9n\u00e9voles, car la mission les interpellera. <\/p>\n\n\n\n<p>La formation g\u00e9n\u00e9rale de 36 h nous forme aux besoins sp\u00e9cifiques de toute personne atteinte de maladie grave en soins palliatifs ou en fin de vie et nous aide \u00e0 d\u00e9velopper nos qualit\u00e9s qui nous distinguent, bas\u00e9s sur le savoir \u00eatre: l&rsquo;\u00e9coute active, l&rsquo;ouverture, l&rsquo;accueil, le respect, l&#8217;empathie, la compassion, la g\u00e9n\u00e9rosit\u00e9, la disponibilit\u00e9, la bienveillance, etc&#8230;<\/p>\n\n\n\n<p>Cette formation est offerte en 12 modules de 3 heures. Elle est bas\u00e9e sur le Plan directeur de d\u00e9veloppement des comp\u00e9tences des intervenants en soins palliatifs du minist\u00e8re de la Sant\u00e9 et des Services sociaux.<\/p>\n\n\n\n<p><\/p>\n<\/div><\/div>\n\n\n\n<p><em>Martine Fortin formatrice pour la F\u00e9d\u00e9ration du Mouvement Albatros du Qu\u00e9bec<\/em><\/p>\n\n\n\n<p>Ces formations&nbsp;sont actualis\u00e9es r\u00e9guli\u00e8rement en collaboration avec des experts. Elles sont dispens\u00e9es en pr\u00e9sence et en ligne par des formateurs reconnus et elles garantissent une exp\u00e9rience positive et l\u2019acquisition des comp\u00e9tences n\u00e9cessaires et essentielles \u00e0 l&rsquo;accompagnement. Les participants re\u00e7oivent une attestation de participation \u00e0 la fin de la formation.<\/p>\n\n\n\n<p>Voici les douze modules pr\u00e9sent\u00e9s lors de la formation g\u00e9n\u00e9rale que ce soit en virtuel ou en pr\u00e9sentiel. Pour le virtuel, nous ajoutons le module z\u00e9ro qui se veut un introduction \u00e0 Zoom. <\/p>\n\n\n\n<ol>\n<li>Pr\u00e9sentation de la mission et objectif du Mouvement Albatros <\/li>\n\n\n\n<li>Accompagnement en soins palliatifs<\/li>\n\n\n\n<li>Communication<\/li>\n\n\n\n<li>Dimension physique       <\/li>\n\n\n\n<li>Dimension psychosociale<\/li>\n\n\n\n<li>Dimension spirituelle<\/li>\n\n\n\n<li>Deuil<\/li>\n\n\n\n<li>V\u00e9cu de l\u2019enfant et l\u2019adolescent vivant la maladie ou le deuil d\u2019un proche<\/li>\n\n\n\n<li>Questions \u00e9thiques et juridiques<\/li>\n\n\n\n<li>Agonie et mort<\/li>\n\n\n\n<li>Apr\u00e8s la mort<\/li>\n\n\n\n<li>Bilan<\/li>\n<\/ol>\n\n\n\n<h2 class=\"wp-block-heading has-medium-font-size\"><\/h2>\n\n\n<p class=\"has-background has-medium-font-size\" style=\"background-color: #b3cec7;\"><strong>La formation<\/strong><br \/>Si vous d\u00e9sirez plus d&rsquo;informations ou vous inscrire \u00e0 la formation (pr\u00e9sentiel et virtuel), veuillez nous compl\u00e9ter le formulaire suivant : <a href=\"https:\/\/forms.gle\/xu4Lcqojn6FRdwPx9\" target=\"_blank\" rel=\"noreferrer noopener\">Formulaire d&rsquo;inscription \u00e0 la formation<\/a>.<br \/><br \/>Si vous \u00e9prouvez des difficult\u00e9s \u00e0 ouvrir le formulaire, veuillez nous faire parvenir votre nom complet, adresse, num\u00e9ro de t\u00e9l\u00e9phone, adresse courriel \u00e0 l&rsquo;adresse suivante : AlbatrosGatineauLL@gmail.com . Nous vous r\u00e9pondrons dans les plus bref d\u00e9lai.<\/p>\n\n\n<figure class=\"wp-block-image size-full is-resized\"><img decoding=\"async\" width=\"148\" height=\"151\" src=\"https:\/\/www.albatrosgatineaulalievre.org\/wp-content\/uploads\/2024\/08\/QR-Formation.png\" alt=\"\" class=\"wp-image-1928\" style=\"width:93px;height:auto\"\/><\/figure>\n\n\n\n<p><\/p>\n\n\n\n<figure class=\"wp-block-image size-full\"><img decoding=\"async\" width=\"752\" height=\"134\" src=\"https:\/\/www.albatrosgatineaulalievre.org\/wp-content\/uploads\/2024\/03\/filigrame-small.png\" alt=\"\" class=\"wp-image-503\" srcset=\"https:\/\/www.albatrosgatineaulalievre.org\/wp-content\/uploads\/2024\/03\/filigrame-small.png 752w, https:\/\/www.albatrosgatineaulalievre.org\/wp-content\/uploads\/2024\/03\/filigrame-small-300x53.png 300w\" sizes=\"(max-width: 752px) 100vw, 752px\" \/><\/figure>\n\n\n\n<h2 class=\"wp-block-heading\">Formation continue<\/h2>\n\n\n\n<p>Plusieurs formations continues seront offertes aux membres ayant compl\u00e9t\u00e9s la formation de base de 36h, certaines autres seront ouvertes au public. Nos b\u00e9n\u00e9voles se perfectionnent, au cours de leur formation continue, de plusieurs autres aptitudes et connaissances compl\u00e9mentaires pour permettre le respect du cheminement de chacun et sans jugement, tout en faisant preuve d&rsquo;une chaleur humaine unique et incomparable. <\/p>\n\n\n\n<p>Quelques exemples de formations continues offertes aux membres : <\/p>\n\n\n\n<ul>\n<li>Aide m\u00e9dicale \u00e0 mourir dans le contexte de l&rsquo;accompagnant(e) en fin de vie Albatros<\/li>\n\n\n\n<li>Accompagnement des personnes en fin de vie pr\u00e9sentant des d\u00e9ficits cognitifs<\/li>\n\n\n\n<li>Pour accompagner en milieu hospitalier et\/CHSLD, l&rsquo;accompagnant doit avoir suivi une formation suppl\u00e9mentaire concernant la s\u00e9curit\u00e9 en milieu hospitalier (Pr\u00e9vention et contr\u00f4le des infections)&nbsp;<\/li>\n<\/ul>\n\n\n\n<figure class=\"wp-block-image size-full\"><img loading=\"lazy\" decoding=\"async\" width=\"752\" height=\"134\" src=\"https:\/\/www.albatrosgatineaulalievre.org\/wp-content\/uploads\/2024\/03\/filigrame-small-gauche.bmp\" alt=\"\" class=\"wp-image-539\" srcset=\"https:\/\/www.albatrosgatineaulalievre.org\/wp-content\/uploads\/2024\/03\/filigrame-small-gauche.bmp 752w, https:\/\/www.albatrosgatineaulalievre.org\/wp-content\/uploads\/2024\/03\/filigrame-small-gauche-300x53.jpg 300w\" sizes=\"(max-width: 752px) 100vw, 752px\" \/><\/figure>\n\n\n\n<h2 class=\"wp-block-heading\">Formation informelle<\/h2>\n\n\n\n<div class=\"wp-block-media-text is-stacked-on-mobile\"><figure class=\"wp-block-media-text__media\"><img loading=\"lazy\" decoding=\"async\" width=\"784\" height=\"589\" src=\"https:\/\/www.albatrosgatineaulalievre.org\/wp-content\/uploads\/2024\/04\/2024-03-21-Cafe-Partage.png\" alt=\"Participants au caf\u00e9 partage\" class=\"wp-image-1493 size-full\" srcset=\"https:\/\/www.albatrosgatineaulalievre.org\/wp-content\/uploads\/2024\/04\/2024-03-21-Cafe-Partage.png 784w, https:\/\/www.albatrosgatineaulalievre.org\/wp-content\/uploads\/2024\/04\/2024-03-21-Cafe-Partage-300x225.png 300w, https:\/\/www.albatrosgatineaulalievre.org\/wp-content\/uploads\/2024\/04\/2024-03-21-Cafe-Partage-768x577.png 768w\" sizes=\"(max-width: 784px) 100vw, 784px\" \/><\/figure><div class=\"wp-block-media-text__content\">\n<ul>\n<li><strong>Caf\u00e9 Partage<\/strong> &#8211; Nous offrons la possibilit\u00e9 \u00e0 nos membres de partager leur exp\u00e9rience avec les nouveaux membres lors de Caf\u00e9 Partage. Ce sont des rencontres riches en \u00e9motion, apprentissage et synergie d&rsquo;amour inconditionnelle.<\/li>\n\n\n\n<p>&nbsp;<\/p>\n\n\n\n<li><strong>Coordinatrice de l&rsquo;accompagnement <\/strong>&#8211; Nous offrons de l&rsquo;\u00e9coute empathique et de l&rsquo;aide individuel \u00e0 nos accompagnants qui en expriment le besoin. <\/li>\n\n\n\n<p>&nbsp;<\/p>\n\n\n\n<li><strong>S\u00e9rie de vid\u00e9os et livres<\/strong> &#8211; Nous offrons quelques vid\u00e9os et titres de livres qui parlent des soins palliatifs et de la fin de vie, des proches aidants, etc&#8230;<\/li>\n<\/ul>\n<\/div><\/div>\n\n\n\n<figure class=\"wp-block-image size-full\"><img decoding=\"async\" width=\"752\" height=\"134\" src=\"https:\/\/www.albatrosgatineaulalievre.org\/wp-content\/uploads\/2024\/03\/filigrame-small.png\" alt=\"\" class=\"wp-image-503\" srcset=\"https:\/\/www.albatrosgatineaulalievre.org\/wp-content\/uploads\/2024\/03\/filigrame-small.png 752w, https:\/\/www.albatrosgatineaulalievre.org\/wp-content\/uploads\/2024\/03\/filigrame-small-300x53.png 300w\" sizes=\"(max-width: 752px) 100vw, 752px\" \/><\/figure>\n","protected":false},"excerpt":{"rendered":"<p>Les formations Formation g\u00e9n\u00e9rale de 36 heures\u00a9 &#8211; Accompagnement des personnes en soins palliatifs et en fin de vie et le soutien \u00e0 leurs proches Nous formons des citoyens \u00e0 accompagner des proches ayant des maladies graves en soins palliatifs et fin de vie. Certains d\u2019entre eux d\u00e9cideront de devenir b\u00e9n\u00e9voles ou encore s&rsquo;en serviront [&hellip;]<\/p>\n","protected":false},"author":1,"featured_media":0,"parent":0,"menu_order":0,"comment_status":"closed","ping_status":"closed","template":"","meta":{"ocean_post_layout":"","ocean_both_sidebars_style":"","ocean_both_sidebars_content_width":0,"ocean_both_sidebars_sidebars_width":0,"ocean_sidebar":"","ocean_second_sidebar":"","ocean_disable_margins":"enable","ocean_add_body_class":"","ocean_shortcode_before_top_bar":"","ocean_shortcode_after_top_bar":"","ocean_shortcode_before_header":"","ocean_shortcode_after_header":"","ocean_has_shortcode":"","ocean_shortcode_after_title":"","ocean_shortcode_before_footer_widgets":"","ocean_shortcode_after_footer_widgets":"","ocean_shortcode_before_footer_bottom":"","ocean_shortcode_after_footer_bottom":"","ocean_display_top_bar":"default","ocean_display_header":"default","ocean_header_style":"","ocean_center_header_left_menu":"","ocean_custom_header_template":"","ocean_custom_logo":0,"ocean_custom_retina_logo":0,"ocean_custom_logo_max_width":0,"ocean_custom_logo_tablet_max_width":0,"ocean_custom_logo_mobile_max_width":0,"ocean_custom_logo_max_height":0,"ocean_custom_logo_tablet_max_height":0,"ocean_custom_logo_mobile_max_height":0,"ocean_header_custom_menu":"","ocean_menu_typo_font_family":"","ocean_menu_typo_font_subset":"","ocean_menu_typo_font_size":0,"ocean_menu_typo_font_size_tablet":0,"ocean_menu_typo_font_size_mobile":0,"ocean_menu_typo_font_size_unit":"px","ocean_menu_typo_font_weight":"","ocean_menu_typo_font_weight_tablet":"","ocean_menu_typo_font_weight_mobile":"","ocean_menu_typo_transform":"","ocean_menu_typo_transform_tablet":"","ocean_menu_typo_transform_mobile":"","ocean_menu_typo_line_height":0,"ocean_menu_typo_line_height_tablet":0,"ocean_menu_typo_line_height_mobile":0,"ocean_menu_typo_line_height_unit":"","ocean_menu_typo_spacing":0,"ocean_menu_typo_spacing_tablet":0,"ocean_menu_typo_spacing_mobile":0,"ocean_menu_typo_spacing_unit":"","ocean_menu_link_color":"","ocean_menu_link_color_hover":"","ocean_menu_link_color_active":"","ocean_menu_link_background":"","ocean_menu_link_hover_background":"","ocean_menu_link_active_background":"","ocean_menu_social_links_bg":"","ocean_menu_social_hover_links_bg":"","ocean_menu_social_links_color":"","ocean_menu_social_hover_links_color":"","ocean_disable_title":"default","ocean_disable_heading":"default","ocean_post_title":"","ocean_post_subheading":"","ocean_post_title_style":"","ocean_post_title_background_color":"","ocean_post_title_background":0,"ocean_post_title_bg_image_position":"","ocean_post_title_bg_image_attachment":"","ocean_post_title_bg_image_repeat":"","ocean_post_title_bg_image_size":"","ocean_post_title_height":0,"ocean_post_title_bg_overlay":0.5,"ocean_post_title_bg_overlay_color":"","ocean_disable_breadcrumbs":"default","ocean_breadcrumbs_color":"","ocean_breadcrumbs_separator_color":"","ocean_breadcrumbs_links_color":"","ocean_breadcrumbs_links_hover_color":"","ocean_display_footer_widgets":"default","ocean_display_footer_bottom":"default","ocean_custom_footer_template":"","footnotes":""},"_links":{"self":[{"href":"https:\/\/www.albatrosgatineaulalievre.org\/index.php\/wp-json\/wp\/v2\/pages\/56"}],"collection":[{"href":"https:\/\/www.albatrosgatineaulalievre.org\/index.php\/wp-json\/wp\/v2\/pages"}],"about":[{"href":"https:\/\/www.albatrosgatineaulalievre.org\/index.php\/wp-json\/wp\/v2\/types\/page"}],"author":[{"embeddable":true,"href":"https:\/\/www.albatrosgatineaulalievre.org\/index.php\/wp-json\/wp\/v2\/users\/1"}],"replies":[{"embeddable":true,"href":"https:\/\/www.albatrosgatineaulalievre.org\/index.php\/wp-json\/wp\/v2\/comments?post=56"}],"version-history":[{"count":46,"href":"https:\/\/www.albatrosgatineaulalievre.org\/index.php\/wp-json\/wp\/v2\/pages\/56\/revisions"}],"predecessor-version":[{"id":2365,"href":"https:\/\/www.albatrosgatineaulalievre.org\/index.php\/wp-json\/wp\/v2\/pages\/56\/revisions\/2365"}],"wp:attachment":[{"href":"https:\/\/www.albatrosgatineaulalievre.org\/index.php\/wp-json\/wp\/v2\/media?parent=56"}],"curies":[{"name":"wp","href":"https:\/\/api.w.org\/{rel}","templated":true}]}}