{"id":57,"date":"2024-03-25T18:22:28","date_gmt":"2024-03-25T22:22:28","guid":{"rendered":"http:\/\/gbxzpdy.cluster051.hosting.ovh.net\/?page_id=57"},"modified":"2025-12-24T15:21:38","modified_gmt":"2025-12-24T19:21:38","slug":"nos-gradues","status":"publish","type":"page","link":"https:\/\/www.albatrosgatineaulalievre.org\/index.php\/nos-gradues\/","title":{"rendered":"Nos gradu\u00e9s"},"content":{"rendered":"\n<p><h1>Nos gradu\u00e9s<\/h1><\/p>\n\n\n\n<p>Votre temps et votre \u00e9nergie sont pr\u00e9cieux et nous sommes reconnaissants que vous ayez choisi notre organisme pour effectuer votre b\u00e9n\u00e9volat ou encore pour vous instruire et\/ou \u00eatre de meilleurs proche-aidants&#8230; Merci \u00e9norm\u00e9ment de votre g\u00e9n\u00e9rosit\u00e9, de votre empathie, \u00e9coute et votre grand <strong>Savoir \u00catre<\/strong>.<\/p>\n\n\n\n<p><h2>Gradu\u00e9(e)s du 22 et 23 novembre 2025<\/h2><\/p>\n\n\n\n<figure class=\"wp-block-image size-large\"><img fetchpriority=\"high\" decoding=\"async\" width=\"1024\" height=\"575\" src=\"https:\/\/www.albatrosgatineaulalievre.org\/wp-content\/uploads\/2025\/12\/2025-11-23-Albatros-presentiel-cohorte-avec-ajout-1024x575.png\" alt=\"\" class=\"wp-image-2404\" srcset=\"https:\/\/www.albatrosgatineaulalievre.org\/wp-content\/uploads\/2025\/12\/2025-11-23-Albatros-presentiel-cohorte-avec-ajout-1024x575.png 1024w, https:\/\/www.albatrosgatineaulalievre.org\/wp-content\/uploads\/2025\/12\/2025-11-23-Albatros-presentiel-cohorte-avec-ajout-300x168.png 300w, https:\/\/www.albatrosgatineaulalievre.org\/wp-content\/uploads\/2025\/12\/2025-11-23-Albatros-presentiel-cohorte-avec-ajout-768x431.png 768w, https:\/\/www.albatrosgatineaulalievre.org\/wp-content\/uploads\/2025\/12\/2025-11-23-Albatros-presentiel-cohorte-avec-ajout-1536x862.png 1536w, https:\/\/www.albatrosgatineaulalievre.org\/wp-content\/uploads\/2025\/12\/2025-11-23-Albatros-presentiel-cohorte-avec-ajout-800x450.png 800w, https:\/\/www.albatrosgatineaulalievre.org\/wp-content\/uploads\/2025\/12\/2025-11-23-Albatros-presentiel-cohorte-avec-ajout.png 1686w\" sizes=\"(max-width: 1024px) 100vw, 1024px\" \/><\/figure>\n\n\n\nF\u00e9licitations \u00e0 nos gradu\u00e9(e)s: Mikaelle Lavoie, Sylvie Courchaine,  Sonia Goupil, Monique Charrette, Nerea Soloaga, F\u00e9licit\u00e9 Moundakode, Diane Lefebvre, Paula Ng, Fatim Diabagate, Sylvie Roy et Luca Vlasiu.\nVous trouverez sur la photo, Lucie Lavoie la responsable de la formation, Marie-Jos\u00e9e Fortin, Manon Latour et quelques personnes qui devront compl\u00e9ter leur cours sous peu (Daniel Pula Masumbu et C\u00e9line Leduc)\n\n\n\n<figure class=\"wp-block-image size-large\"><img decoding=\"async\" width=\"1024\" height=\"718\" src=\"https:\/\/www.albatrosgatineaulalievre.org\/wp-content\/uploads\/2025\/12\/2025-11-22-Albatros-presentiel-cohorte-1024x718.jpeg\" alt=\"\" class=\"wp-image-2397\" srcset=\"https:\/\/www.albatrosgatineaulalievre.org\/wp-content\/uploads\/2025\/12\/2025-11-22-Albatros-presentiel-cohorte-1024x718.jpeg 1024w, https:\/\/www.albatrosgatineaulalievre.org\/wp-content\/uploads\/2025\/12\/2025-11-22-Albatros-presentiel-cohorte-300x210.jpeg 300w, https:\/\/www.albatrosgatineaulalievre.org\/wp-content\/uploads\/2025\/12\/2025-11-22-Albatros-presentiel-cohorte-768x538.jpeg 768w, https:\/\/www.albatrosgatineaulalievre.org\/wp-content\/uploads\/2025\/12\/2025-11-22-Albatros-presentiel-cohorte.jpeg 1077w\" sizes=\"(max-width: 1024px) 100vw, 1024px\" \/><\/figure>\n\n\n\nF\u00e9licitations \u00e0 nos gradu\u00e9(e)s: Pauline Deschatelets, Mireille Farley, Suzie Carpentier, Denise D&rsquo;Auteuil, Monique L\u00e9vesque, Angelica P\u00e9rez, Emmanuelle Pag\u00e9 Richer, Jacques Chouinard et Anne Chartrand.\nVous trouverez aussi sur cette photo (Georges Lalande, Manon Latour, Marie-Jos\u00e9e Fortin ainsi que Lucie Lavoie responsable de la formation)\n\n\n\n<p><h2>Gradu\u00e9(e)s du 4 juin 2025<\/h2><\/p>\n\n\n\n<p>F\u00e9licitations \u00e0 vous neuf qui avez gradu\u00e9 de la visioformation du 4 juin 2025.  Bravo !<\/p>\n\n\n\n<figure class=\"wp-block-image size-large\"><img decoding=\"async\" width=\"1024\" height=\"563\" src=\"https:\/\/www.albatrosgatineaulalievre.org\/wp-content\/uploads\/2025\/06\/2025-06-02-virtuel-p2-1024x563.png\" alt=\"\" class=\"wp-image-2279\" srcset=\"https:\/\/www.albatrosgatineaulalievre.org\/wp-content\/uploads\/2025\/06\/2025-06-02-virtuel-p2-1024x563.png 1024w, https:\/\/www.albatrosgatineaulalievre.org\/wp-content\/uploads\/2025\/06\/2025-06-02-virtuel-p2-300x165.png 300w, https:\/\/www.albatrosgatineaulalievre.org\/wp-content\/uploads\/2025\/06\/2025-06-02-virtuel-p2-768x422.png 768w, https:\/\/www.albatrosgatineaulalievre.org\/wp-content\/uploads\/2025\/06\/2025-06-02-virtuel-p2-1536x845.png 1536w, https:\/\/www.albatrosgatineaulalievre.org\/wp-content\/uploads\/2025\/06\/2025-06-02-virtuel-p2.png 1620w\" sizes=\"(max-width: 1024px) 100vw, 1024px\" \/><\/figure>\n\n\n\n<p>F\u00e9licitations \u00e0 M\u00e9lanie B\u00e9langer, Janick Messier, Lydie Gnabo, Nivo Andriantsarafara, Urielle Guillaume, Chantale Lamoureux, Nicolas Charron, Christophe Aurel Ntamack Balouga, P\u00e8re Christian Rakotondrazafy, Alejandrra De L\u00e9on, Bibian Emi Florez.<\/p>\n\n\n\n<p><h1>Nos gradu\u00e9(e)s de 2024-2025<\/h1><\/p>\n\n\n\n<p><h2>Gradu\u00e9(e)s du 7 d\u00e9cembre 2024<\/h2><\/p>\n<p>F\u00e9licitations \u00e0 vous qui avez gradu\u00e9 de la formation en pr\u00e9sentiel du 7 d\u00e9cembre 2024. Bravo et bienvenue parmi nous !<\/p>\n\n\n\n<figure class=\"wp-block-image size-large is-resized\"><img loading=\"lazy\" decoding=\"async\" width=\"1024\" height=\"768\" src=\"https:\/\/www.albatrosgatineaulalievre.org\/wp-content\/uploads\/2025\/01\/2024-groupe-gradue-nouveaux-1024x768.jpg\" alt=\"\" class=\"wp-image-2114\" style=\"width:640px;height:auto\" srcset=\"https:\/\/www.albatrosgatineaulalievre.org\/wp-content\/uploads\/2025\/01\/2024-groupe-gradue-nouveaux-1024x768.jpg 1024w, https:\/\/www.albatrosgatineaulalievre.org\/wp-content\/uploads\/2025\/01\/2024-groupe-gradue-nouveaux-300x225.jpg 300w, https:\/\/www.albatrosgatineaulalievre.org\/wp-content\/uploads\/2025\/01\/2024-groupe-gradue-nouveaux-768x576.jpg 768w, https:\/\/www.albatrosgatineaulalievre.org\/wp-content\/uploads\/2025\/01\/2024-groupe-gradue-nouveaux-1536x1152.jpg 1536w, https:\/\/www.albatrosgatineaulalievre.org\/wp-content\/uploads\/2025\/01\/2024-groupe-gradue-nouveaux.jpg 2048w\" sizes=\"(max-width: 1024px) 100vw, 1024px\" \/><\/figure>\n\n\n\n<p>F\u00e9licitations \u00e0 Johanne Ch\u00e9n\u00e9, Raymond Lavigne, Catherine Baril, M\u00e9lanie Sarazin ainsi qu&rsquo;\u00e0 Rachelle Brazeau nos nouveaux gradu\u00e9s 2024-2025.<\/p>\n\n\n\n<p><\/p>\n\n\n\n<h2>Gradu\u00e9(e)s du 3 avril 2024<\/h2>\n\n\n\n<p><p>F\u00e9licitations \u00e0 vous neuf qui avez gradu\u00e9 de la visioformation du 3 avril 2024. Merci de votre implication dans les comit\u00e9s et sous-comit\u00e9s (Formation, accompagnement b\u00e9n\u00e9vole et financement) ainsi que du groupe de travail Communication et liaison.  Bravo !<\/p><\/p>\n\n\n\n<figure class=\"wp-block-image size-large\"><img loading=\"lazy\" decoding=\"async\" width=\"1024\" height=\"452\" src=\"https:\/\/www.albatrosgatineaulalievre.org\/wp-content\/uploads\/2025\/06\/2024-cohorte-virtuel-zoom-1024x452.png\" alt=\"\" class=\"wp-image-2286\" srcset=\"https:\/\/www.albatrosgatineaulalievre.org\/wp-content\/uploads\/2025\/06\/2024-cohorte-virtuel-zoom-1024x452.png 1024w, https:\/\/www.albatrosgatineaulalievre.org\/wp-content\/uploads\/2025\/06\/2024-cohorte-virtuel-zoom-300x133.png 300w, https:\/\/www.albatrosgatineaulalievre.org\/wp-content\/uploads\/2025\/06\/2024-cohorte-virtuel-zoom-768x339.png 768w, https:\/\/www.albatrosgatineaulalievre.org\/wp-content\/uploads\/2025\/06\/2024-cohorte-virtuel-zoom-1536x679.png 1536w, https:\/\/www.albatrosgatineaulalievre.org\/wp-content\/uploads\/2025\/06\/2024-cohorte-virtuel-zoom.png 1616w\" sizes=\"(max-width: 1024px) 100vw, 1024px\" \/><\/figure>\n\n\n\n<p><p align=\"center\">F\u00e9licitations \u00e0 Suzanne Lebeau, Carole Verdon, Monique Dumais, Lyne Pilon, H\u00e9l\u00e8ne Mallish, \u00c8ve Jutras, C\u00e9line Rivard, Paule Drouin et Nicole \u00a0Ollivier.<\/p><p align=\"center\">Vous pouvez voir aussi sur cette photo Martine Fortier et Julie Dub\u00e9 deux excellentes enseignantes ainsi que Gilles Chalifour futur b\u00e9n\u00e9vole provenant d&rsquo;une r\u00e9gion loin loin lointaine&#8230;   <\/p><\/p>\n\n\n<h1>Nos gradu\u00e9s de 2023-2024<\/h1>\n<h2>Gradu\u00e9e de D\u00e9cembre 2023<\/h2>\n\n\n<div class=\"wp-block-media-text is-stacked-on-mobile\" style=\"grid-template-columns:30% auto\"><figure class=\"wp-block-media-text__media\"><img loading=\"lazy\" decoding=\"async\" width=\"1024\" height=\"975\" src=\"http:\/\/gbxzpdy.cluster051.hosting.ovh.net\/wp-content\/uploads\/2024\/03\/Marie-j-Photo-1-1024x975.png\" alt=\"\" class=\"wp-image-109 size-full\" srcset=\"https:\/\/www.albatrosgatineaulalievre.org\/wp-content\/uploads\/2024\/03\/Marie-j-Photo-1-1024x975.png 1024w, https:\/\/www.albatrosgatineaulalievre.org\/wp-content\/uploads\/2024\/03\/Marie-j-Photo-1-300x286.png 300w, https:\/\/www.albatrosgatineaulalievre.org\/wp-content\/uploads\/2024\/03\/Marie-j-Photo-1-768x732.png 768w, https:\/\/www.albatrosgatineaulalievre.org\/wp-content\/uploads\/2024\/03\/Marie-j-Photo-1.png 1221w\" sizes=\"(max-width: 1024px) 100vw, 1024px\" \/><\/figure><div class=\"wp-block-media-text__content\">\n<p>F\u00e9licitation a Marie-Jos\u00e9e Fortin, qui a gradu\u00e9e de la formation en pr\u00e9sentiel de Mont-Laurier en d\u00e9cembre 2023. En plus d\u2019\u00eatre accompagnante, elle est maintenant administratrice au Conseil d\u2019administration et fait partie de plusieurs de nos comit\u00e9s (Formation, accompagnement b\u00e9n\u00e9vole et le groupe de travail Communication et liaison). Merci de ton implication, ton aide nous est tr\u00e8s pr\u00e9cieuse.<\/p>\n<\/div><\/div>\n\n\n\n<figure class=\"wp-block-image size-large\"><img loading=\"lazy\" decoding=\"async\" width=\"1024\" height=\"202\" src=\"https:\/\/www.albatrosgatineaulalievre.org\/wp-content\/uploads\/2024\/03\/filigrame-1024x202.png\" alt=\"\" class=\"wp-image-494\" srcset=\"https:\/\/www.albatrosgatineaulalievre.org\/wp-content\/uploads\/2024\/03\/filigrame-1024x202.png 1024w, https:\/\/www.albatrosgatineaulalievre.org\/wp-content\/uploads\/2024\/03\/filigrame-300x59.png 300w, https:\/\/www.albatrosgatineaulalievre.org\/wp-content\/uploads\/2024\/03\/filigrame-768x152.png 768w, https:\/\/www.albatrosgatineaulalievre.org\/wp-content\/uploads\/2024\/03\/filigrame.png 1328w\" sizes=\"(max-width: 1024px) 100vw, 1024px\" \/><\/figure>\n","protected":false},"excerpt":{"rendered":"<p>Nos gradu\u00e9s Votre temps et votre \u00e9nergie sont pr\u00e9cieux et nous sommes reconnaissants que vous ayez choisi notre organisme pour effectuer votre b\u00e9n\u00e9volat ou encore pour vous instruire et\/ou \u00eatre de meilleurs proche-aidants&#8230; Merci \u00e9norm\u00e9ment de votre g\u00e9n\u00e9rosit\u00e9, de votre empathie, \u00e9coute et votre grand Savoir \u00catre. Gradu\u00e9(e)s du 22 et 23 novembre 2025 F\u00e9licitations [&hellip;]<\/p>\n","protected":false},"author":1,"featured_media":0,"parent":0,"menu_order":0,"comment_status":"closed","ping_status":"closed","template":"","meta":{"ocean_post_layout":"","ocean_both_sidebars_style":"","ocean_both_sidebars_content_width":0,"ocean_both_sidebars_sidebars_width":0,"ocean_sidebar":"","ocean_second_sidebar":"","ocean_disable_margins":"enable","ocean_add_body_class":"","ocean_shortcode_before_top_bar":"","ocean_shortcode_after_top_bar":"","ocean_shortcode_before_header":"","ocean_shortcode_after_header":"","ocean_has_shortcode":"","ocean_shortcode_after_title":"","ocean_shortcode_before_footer_widgets":"","ocean_shortcode_after_footer_widgets":"","ocean_shortcode_before_footer_bottom":"","ocean_shortcode_after_footer_bottom":"","ocean_display_top_bar":"default","ocean_display_header":"default","ocean_header_style":"","ocean_center_header_left_menu":"","ocean_custom_header_template":"","ocean_custom_logo":0,"ocean_custom_retina_logo":0,"ocean_custom_logo_max_width":0,"ocean_custom_logo_tablet_max_width":0,"ocean_custom_logo_mobile_max_width":0,"ocean_custom_logo_max_height":0,"ocean_custom_logo_tablet_max_height":0,"ocean_custom_logo_mobile_max_height":0,"ocean_header_custom_menu":"","ocean_menu_typo_font_family":"","ocean_menu_typo_font_subset":"","ocean_menu_typo_font_size":0,"ocean_menu_typo_font_size_tablet":0,"ocean_menu_typo_font_size_mobile":0,"ocean_menu_typo_font_size_unit":"px","ocean_menu_typo_font_weight":"","ocean_menu_typo_font_weight_tablet":"","ocean_menu_typo_font_weight_mobile":"","ocean_menu_typo_transform":"","ocean_menu_typo_transform_tablet":"","ocean_menu_typo_transform_mobile":"","ocean_menu_typo_line_height":0,"ocean_menu_typo_line_height_tablet":0,"ocean_menu_typo_line_height_mobile":0,"ocean_menu_typo_line_height_unit":"","ocean_menu_typo_spacing":0,"ocean_menu_typo_spacing_tablet":0,"ocean_menu_typo_spacing_mobile":0,"ocean_menu_typo_spacing_unit":"","ocean_menu_link_color":"","ocean_menu_link_color_hover":"","ocean_menu_link_color_active":"","ocean_menu_link_background":"","ocean_menu_link_hover_background":"","ocean_menu_link_active_background":"","ocean_menu_social_links_bg":"","ocean_menu_social_hover_links_bg":"","ocean_menu_social_links_color":"","ocean_menu_social_hover_links_color":"","ocean_disable_title":"default","ocean_disable_heading":"default","ocean_post_title":"","ocean_post_subheading":"","ocean_post_title_style":"","ocean_post_title_background_color":"","ocean_post_title_background":0,"ocean_post_title_bg_image_position":"","ocean_post_title_bg_image_attachment":"","ocean_post_title_bg_image_repeat":"","ocean_post_title_bg_image_size":"","ocean_post_title_height":0,"ocean_post_title_bg_overlay":0.5,"ocean_post_title_bg_overlay_color":"","ocean_disable_breadcrumbs":"default","ocean_breadcrumbs_color":"","ocean_breadcrumbs_separator_color":"","ocean_breadcrumbs_links_color":"","ocean_breadcrumbs_links_hover_color":"","ocean_display_footer_widgets":"default","ocean_display_footer_bottom":"default","ocean_custom_footer_template":"","footnotes":""},"_links":{"self":[{"href":"https:\/\/www.albatrosgatineaulalievre.org\/index.php\/wp-json\/wp\/v2\/pages\/57"}],"collection":[{"href":"https:\/\/www.albatrosgatineaulalievre.org\/index.php\/wp-json\/wp\/v2\/pages"}],"about":[{"href":"https:\/\/www.albatrosgatineaulalievre.org\/index.php\/wp-json\/wp\/v2\/types\/page"}],"author":[{"embeddable":true,"href":"https:\/\/www.albatrosgatineaulalievre.org\/index.php\/wp-json\/wp\/v2\/users\/1"}],"replies":[{"embeddable":true,"href":"https:\/\/www.albatrosgatineaulalievre.org\/index.php\/wp-json\/wp\/v2\/comments?post=57"}],"version-history":[{"count":44,"href":"https:\/\/www.albatrosgatineaulalievre.org\/index.php\/wp-json\/wp\/v2\/pages\/57\/revisions"}],"predecessor-version":[{"id":2405,"href":"https:\/\/www.albatrosgatineaulalievre.org\/index.php\/wp-json\/wp\/v2\/pages\/57\/revisions\/2405"}],"wp:attachment":[{"href":"https:\/\/www.albatrosgatineaulalievre.org\/index.php\/wp-json\/wp\/v2\/media?parent=57"}],"curies":[{"name":"wp","href":"https:\/\/api.w.org\/{rel}","templated":true}]}}