{"id":59,"date":"2024-03-25T18:22:28","date_gmt":"2024-03-25T22:22:28","guid":{"rendered":"http:\/\/gbxzpdy.cluster051.hosting.ovh.net\/?page_id=59"},"modified":"2024-09-15T18:26:05","modified_gmt":"2024-09-15T22:26:05","slug":"ressources","status":"publish","type":"page","link":"https:\/\/www.albatrosgatineaulalievre.org\/index.php\/ressources\/","title":{"rendered":"Ressources"},"content":{"rendered":"<h1>Ressources<\/h1>\n<figure class=\"wp-block-table\">\n<table>\n<tbody>\n<tr style=\"background-color: #e0e0e0;\">\n<td colspan=\"9\"><center><strong>A \u00e0 Z<\/strong><\/center><\/td>\n<\/tr>\n<tr>\n<td><a href=\"https:\/\/www.albatrosgatineaulalievre.org\/index.php\/organisme-commencant-par-des-chiffres\/\">#<\/a><\/td>\n<td><a href=\"https:\/\/www.albatrosgatineaulalievre.org\/index.php\/organismes-commencant-par-a\/\">A<\/a><\/td>\n<td><a href=\"https:\/\/www.albatrosgatineaulalievre.org\/index.php\/organisme-commencant-par-b\/\">B<\/a><\/td>\n<td><a href=\"https:\/\/www.albatrosgatineaulalievre.org\/index.php\/organismes-commencant-par-c\/\">C<\/a><\/td>\n<td><a href=\"https:\/\/www.albatrosgatineaulalievre.org\/index.php\/organismes-commencant-par-d\/\">D<\/a><\/td>\n<td><a href=\"https:\/\/www.albatrosgatineaulalievre.org\/index.php\/organismes-commencant-par-e\/\">E<\/a><\/td>\n<td><a href=\"https:\/\/www.albatrosgatineaulalievre.org\/index.php\/organismes-commencant-par-f\/\">F<\/a><\/td>\n<td><a href=\"https:\/\/www.albatrosgatineaulalievre.org\/index.php\/organismes-commencant-par-h\/\">H<\/a><\/td>\n<td><a href=\"https:\/\/www.albatrosgatineaulalievre.org\/index.php\/organismes-commencant-par-l\/\">L<\/a><\/td>\n<\/tr>\n<tr>\n<td><a href=\"https:\/\/www.albatrosgatineaulalievre.org\/index.php\/organismes-commencant-par-m\/\">M<\/a><\/td>\n<td><a href=\"https:\/\/www.albatrosgatineaulalievre.org\/index.php\/organismes-commencant-par-o\/\">O<\/a><\/td>\n<td><a href=\"https:\/\/www.albatrosgatineaulalievre.org\/index.php\/organismes-commencant-par-p\/\">P<\/a><\/td>\n<td><a href=\"https:\/\/www.albatrosgatineaulalievre.org\/index.php\/organismes-commencant-par-q\/\">Q<\/a><\/td>\n<td><a href=\"https:\/\/www.albatrosgatineaulalievre.org\/index.php\/organismes-commencant-par-r\/\">R<\/a><\/td>\n<td><a href=\"https:\/\/www.albatrosgatineaulalievre.org\/index.php\/organismes-commencant-par-s\/\">S<\/a><\/td>\n<td><a href=\"https:\/\/www.albatrosgatineaulalievre.org\/index.php\/organismes-commencant-par-t\/\">T<\/a><\/td>\n<td><a href=\"https:\/\/www.albatrosgatineaulalievre.org\/index.php\/organismes-commencant-par-v\/\">V<\/a><\/td>\n<td>\u00a0<\/td>\n<\/tr>\n<\/tbody>\n<\/table>\n<\/figure>\n<figure class=\"wp-block-table\">\n<table>\n<tbody>\n<tr style=\"background-color: #e0e0e0;\">\n<td style=\"text-align: center;\" colspan=\"2\"><strong>Secteurs d&rsquo;activit\u00e9<\/strong><\/td>\n<\/tr>\n<tr>\n<td style=\"width: 50%;\"><a href=\"https:\/\/www.albatrosgatineaulalievre.org\/index.php\/aines\/\">A\u00een\u00e9es<\/a><\/td>\n<td style=\"width: 50%;\"><a href=\"https:\/\/www.albatrosgatineaulalievre.org\/index.php\/proches-aidants\/\">Proche aidants<\/a><\/td>\n<\/tr>\n<tr style=\"background-color: #fafafa;\">\n<td><a href=\"https:\/\/www.albatrosgatineaulalievre.org\/index.php\/alimentation\/\">Alimentation<\/a><\/td>\n<td><a href=\"https:\/\/www.albatrosgatineaulalievre.org\/index.php\/repit\/\">R\u00e9pits<\/a><\/td>\n<\/tr>\n<tr>\n<td><a href=\"https:\/\/www.albatrosgatineaulalievre.org\/index.php\/autres\/\">Autres<\/a><\/td>\n<td><a href=\"https:\/\/www.albatrosgatineaulalievre.org\/index.php\/organisme-concernant-les-retraites\/\">Retrait\u00e9s<\/a><\/td>\n<\/tr>\n<tr style=\"background-color: #fafafa;\">\n<td><a href=\"https:\/\/www.albatrosgatineaulalievre.org\/index.php\/hebergement-et-demenagement\/\">H\u00e9bergement et d\u00e9m\u00e9nagement<\/a><\/td>\n<td><a href=\"https:\/\/www.albatrosgatineaulalievre.org\/index.php\/sante-et-maladies\/\">Sant\u00e9 et maladies<\/a><\/td>\n<\/tr>\n<tr>\n<td><a href=\"https:\/\/www.albatrosgatineaulalievre.org\/index.php\/hopitaux\/\">H\u00f4pitaux<\/a><\/td>\n<td><a href=\"https:\/\/www.albatrosgatineaulalievre.org\/index.php\/sante-mentale-et-services-sociaux\/\">Sant\u00e9 mentale et Services sociaux<\/a><\/td>\n<\/tr>\n<tr style=\"background-color: #fafafa;\">\n<td><a href=\"https:\/\/www.albatrosgatineaulalievre.org\/index.php\/juridique\/\">Juridique<\/a><\/td>\n<td><a href=\"https:\/\/www.albatrosgatineaulalievre.org\/index.php\/soins-palliatifs\/\">Soins palliatifs<\/a><\/td>\n<\/tr>\n<tr>\n<td><a href=\"https:\/\/www.albatrosgatineaulalievre.org\/index.php\/milieux-communautaires\/\">Milieux communautaires<\/a><\/td>\n<td><a href=\"https:\/\/www.albatrosgatineaulalievre.org\/index.php\/transport\/\">Transport<\/a><\/td>\n<\/tr>\n<\/tbody>\n<\/table>\n<\/figure>\n\n\n<div class=\"wp-block-file\"><a id=\"wp-block-file--media-0b1fb264-d6f7-4640-952c-5226287bec4b\" href=\"https:\/\/www.albatrosgatineaulalievre.org\/wp-content\/uploads\/2024\/09\/00-Ressources-accompagnant-FINAL-portefeuille.pdf\" target=\"_blank\" rel=\"noopener\"><p><strong>Ressources Albatros pour les accompagnants<\/p><\/strong><\/a><\/div>\n\n\n\n<div class=\"wp-block-file\"><a id=\"wp-block-file--media-0f5a1d94-f808-4394-a560-69cfa81c37f6\" href=\"https:\/\/www.albatrosgatineaulalievre.org\/wp-content\/uploads\/2024\/09\/00-Ressources-Albatros-A-a-Z-FINAL-v8.pdf\"target=\"_blank\" rel=\"noopener\"><p><strong>Ressources Albatros A \u00e0 Z<\/strong><\/p><\/a><\/div>\n\n\n\n<div class=\"wp-block-file\"><a id=\"wp-block-file--media-a4aa7d37-b805-4066-906a-6cbf06d29155\" href=\"https:\/\/www.albatrosgatineaulalievre.org\/wp-content\/uploads\/2024\/09\/00-Ressources-secteurs-d-activites-FINAL-v8.pdf\" target=\"_blank\" rel=\"noopener\">\n<p><strong>Ressources Albatros par secteurs d&rsquo;activit\u00e9s<\/strong><\/p><\/a><\/div>\n","protected":false},"excerpt":{"rendered":"<p>Ressources A \u00e0 Z # A B C D E F H L M O P Q R S T V \u00a0 Secteurs d&rsquo;activit\u00e9 A\u00een\u00e9es Proche aidants Alimentation R\u00e9pits Autres Retrait\u00e9s H\u00e9bergement et d\u00e9m\u00e9nagement Sant\u00e9 et maladies H\u00f4pitaux Sant\u00e9 mentale et Services sociaux Juridique Soins palliatifs Milieux communautaires Transport Ressources Albatros pour les accompagnants Ressources [&hellip;]<\/p>\n","protected":false},"author":1,"featured_media":0,"parent":0,"menu_order":0,"comment_status":"closed","ping_status":"closed","template":"","meta":{"ocean_post_layout":"","ocean_both_sidebars_style":"","ocean_both_sidebars_content_width":0,"ocean_both_sidebars_sidebars_width":0,"ocean_sidebar":"","ocean_second_sidebar":"","ocean_disable_margins":"enable","ocean_add_body_class":"","ocean_shortcode_before_top_bar":"","ocean_shortcode_after_top_bar":"","ocean_shortcode_before_header":"","ocean_shortcode_after_header":"","ocean_has_shortcode":"","ocean_shortcode_after_title":"","ocean_shortcode_before_footer_widgets":"","ocean_shortcode_after_footer_widgets":"","ocean_shortcode_before_footer_bottom":"","ocean_shortcode_after_footer_bottom":"","ocean_display_top_bar":"default","ocean_display_header":"default","ocean_header_style":"","ocean_center_header_left_menu":"","ocean_custom_header_template":"","ocean_custom_logo":0,"ocean_custom_retina_logo":0,"ocean_custom_logo_max_width":0,"ocean_custom_logo_tablet_max_width":0,"ocean_custom_logo_mobile_max_width":0,"ocean_custom_logo_max_height":0,"ocean_custom_logo_tablet_max_height":0,"ocean_custom_logo_mobile_max_height":0,"ocean_header_custom_menu":"","ocean_menu_typo_font_family":"","ocean_menu_typo_font_subset":"","ocean_menu_typo_font_size":0,"ocean_menu_typo_font_size_tablet":0,"ocean_menu_typo_font_size_mobile":0,"ocean_menu_typo_font_size_unit":"px","ocean_menu_typo_font_weight":"","ocean_menu_typo_font_weight_tablet":"","ocean_menu_typo_font_weight_mobile":"","ocean_menu_typo_transform":"","ocean_menu_typo_transform_tablet":"","ocean_menu_typo_transform_mobile":"","ocean_menu_typo_line_height":0,"ocean_menu_typo_line_height_tablet":0,"ocean_menu_typo_line_height_mobile":0,"ocean_menu_typo_line_height_unit":"","ocean_menu_typo_spacing":0,"ocean_menu_typo_spacing_tablet":0,"ocean_menu_typo_spacing_mobile":0,"ocean_menu_typo_spacing_unit":"","ocean_menu_link_color":"","ocean_menu_link_color_hover":"","ocean_menu_link_color_active":"","ocean_menu_link_background":"","ocean_menu_link_hover_background":"","ocean_menu_link_active_background":"","ocean_menu_social_links_bg":"","ocean_menu_social_hover_links_bg":"","ocean_menu_social_links_color":"","ocean_menu_social_hover_links_color":"","ocean_disable_title":"default","ocean_disable_heading":"default","ocean_post_title":"","ocean_post_subheading":"","ocean_post_title_style":"","ocean_post_title_background_color":"","ocean_post_title_background":0,"ocean_post_title_bg_image_position":"","ocean_post_title_bg_image_attachment":"","ocean_post_title_bg_image_repeat":"","ocean_post_title_bg_image_size":"","ocean_post_title_height":0,"ocean_post_title_bg_overlay":0.5,"ocean_post_title_bg_overlay_color":"","ocean_disable_breadcrumbs":"default","ocean_breadcrumbs_color":"","ocean_breadcrumbs_separator_color":"","ocean_breadcrumbs_links_color":"","ocean_breadcrumbs_links_hover_color":"","ocean_display_footer_widgets":"default","ocean_display_footer_bottom":"default","ocean_custom_footer_template":"","footnotes":""},"_links":{"self":[{"href":"https:\/\/www.albatrosgatineaulalievre.org\/index.php\/wp-json\/wp\/v2\/pages\/59"}],"collection":[{"href":"https:\/\/www.albatrosgatineaulalievre.org\/index.php\/wp-json\/wp\/v2\/pages"}],"about":[{"href":"https:\/\/www.albatrosgatineaulalievre.org\/index.php\/wp-json\/wp\/v2\/types\/page"}],"author":[{"embeddable":true,"href":"https:\/\/www.albatrosgatineaulalievre.org\/index.php\/wp-json\/wp\/v2\/users\/1"}],"replies":[{"embeddable":true,"href":"https:\/\/www.albatrosgatineaulalievre.org\/index.php\/wp-json\/wp\/v2\/comments?post=59"}],"version-history":[{"count":78,"href":"https:\/\/www.albatrosgatineaulalievre.org\/index.php\/wp-json\/wp\/v2\/pages\/59\/revisions"}],"predecessor-version":[{"id":1953,"href":"https:\/\/www.albatrosgatineaulalievre.org\/index.php\/wp-json\/wp\/v2\/pages\/59\/revisions\/1953"}],"wp:attachment":[{"href":"https:\/\/www.albatrosgatineaulalievre.org\/index.php\/wp-json\/wp\/v2\/media?parent=59"}],"curies":[{"name":"wp","href":"https:\/\/api.w.org\/{rel}","templated":true}]}}