{"id":937,"date":"2024-04-09T12:57:01","date_gmt":"2024-04-09T16:57:01","guid":{"rendered":"https:\/\/www.albatrosgatineaulalievre.org\/?page_id=937"},"modified":"2024-04-23T11:13:15","modified_gmt":"2024-04-23T15:13:15","slug":"autres","status":"publish","type":"page","link":"https:\/\/www.albatrosgatineaulalievre.org\/index.php\/autres\/","title":{"rendered":"Autres"},"content":{"rendered":"<h1>Autres<\/h1>\n\n\n\n<h2 class=\"wp-block-heading\">Centre Actuelle<\/h2>\n\n\n\n<p>Andr\u00e9anneFournier501<br>Rue-des-PinsGatineau<br>(Qu\u00e9bec)<br>J8L2L2<br>(Secteur-Buckingham)<br>(819)986-9713<br><a href=\"mailto:programmation2@actuelle.ca\" target=\"_blank\" rel=\"noreferrer noopener\">programmation2@actuelle.ca<\/a><\/p>\n\n\n\n<p>88 Principal<br>Saint-Andr\u00e9-Avellin (Qu\u00e9bec)<br>(819)516-0699<br><br><a href=\"mailto:programmation@actuelle.ca\" target=\"_blank\" rel=\"noreferrer noopener\">programmation@actuelle.ca<\/a><\/p>\n\n\n\n<p>Le Centre Actu-Elle offre une gamme vari\u00e9e de services visant \u00e0 soutenir et autonomiser les femmes de toutes origines et situations. Ces services comprennent des s\u00e9ances de counseling individuel et de groupe, des ateliers de d\u00e9veloppement personnel, des formations professionnelles, des \u00e9v\u00e9nements culturels et sociaux, ainsi que des ressources et des r\u00e9f\u00e9rences pour les besoins sp\u00e9cifiques des femmes. En somme, le Centre Actu-Elle est un lieu o\u00f9 les femmes peuvent trouver du soutien, de l&rsquo;inspiration et des ressources pour s&rsquo;\u00e9panouir et r\u00e9aliser leur plein potentiel.<\/p>\n\n\n\n<h2 class=\"wp-block-heading\">Cercle des belles fermi\u00e8res de l&rsquo;Outaouais<\/h2>\n\n\n\n<p>(450)442-3983<br>1 866 442-3983<br><a href=\"mailto:cerfer@cfq.qc.ca\" target=\"_blank\" rel=\"noreferrer noopener\">cerfer@cfq.qc.ca<\/a><\/p>\n\n\n\n<p>Les Cercles de Fermi\u00e8res du Qu\u00e9bec ont pour mission de promouvoir l&rsquo;am\u00e9lioration des conditions de vie des femmes et des familles tout en pr\u00e9servant et en transmettant le patrimoine culturel et artisanal qu\u00e9b\u00e9cois. Avec plus de 30 000 membres, ils r\u00e9alisent cet objectif \u00e0 travers des actions et des \u0153uvres de bienfaisance visant \u00e0 soutenir ces valeurs fondamentales.<\/p>\n\n\n\n<h2 class=\"wp-block-heading\">Coop des 1001 corv\u00e9es<\/h2>\n\n\n\n<p>119 Rue Papineau,<br>Papineauville (Qu\u00e9bec)\u00a0<br>J0V1R0<br>(819)427-5252<br><a href=\"mailto:mcoop1001@videotron.ca\" target=\"_blank\" rel=\"noreferrer noopener\">mcoop1001@videotron.ca<\/a><\/p>\n\n\n\n<p>La COOP des 1001 Corv\u00e9es s&rsquo;engage depuis 1998 \u00e0 am\u00e9liorer la qualit\u00e9 de vie de ses clients en offrant des services domestiques professionnels et respectueux.<\/p>\n\n\n\n<h2 class=\"wp-block-heading\">&nbsp;<\/h2>\n\n\n\n<h2 class=\"wp-block-heading\">Domaine des Pr\u00e9s d\u2019Or<\/h2>\n\n\n\n<p>967 route 309, Saint-Aim\u00e9 du lac-des-Iles<br>Qu\u00e9bec J0W 1J0<br>(819) 597-2499<br><a href=\"mailto:domainedespresdor@tlc.sympatico.ca\" target=\"_blank\" rel=\"noreferrer noopener\">domainedespresdor@tlc.sympatico.ca<\/a><br>L&rsquo;association offre des services de r\u00e9pit aux familles naturelles et aux ressources interm\u00e9diaires, ainsi que des activit\u00e9s de loisirs et des s\u00e9jours de vacances pour les personnes vivant avec une d\u00e9ficience intellectuelle, visant \u00e0 fournir un soutien essentiel et des moments de d\u00e9tente pour tous les membres concern\u00e9s.<\/p>\n\n\n\n<h2 class=\"wp-block-heading\">Ligne d\u2019\u00e9coute t\u00e9l\u00e9phonique Aide Abus Ain\u00e9s<\/h2>\n\n\n\n<p>1-888-489-2287<br><a href=\"mailto:ligneaideabusaines@ssss.gouv.qc.ca\" target=\"_blank\" rel=\"noreferrer noopener\">ligneaideabusaines@ssss.gouv.qc.ca<\/a><br><a href=\"http:\/\/www.aideabusaines.ca\" target=\"_blank\" rel=\"noreferrer noopener\">www.aideabusaines.ca<\/a><br>La Ligne Aide Abus A\u00een\u00e9s est une ligne t\u00e9l\u00e9phonique provinciale d&rsquo;\u00e9coute et de r\u00e9f\u00e9rence sp\u00e9cialis\u00e9e en mati\u00e8re de maltraitance envers les a\u00een\u00e9s.<\/p>\n\n\n\n<h2 class=\"wp-block-heading\">Remue-m\u00e9nage Outaouais<\/h2>\n\n\n\n<p>10, rue No\u00ebl, bureau 110,<br>Gatineau (Qu\u00e9bec)\u00a0<br>J8Z3G5<br>(819)778-2461<br><a href=\"mailto:danielle.jean@rmo.ca\" target=\"_blank\" rel=\"noreferrer noopener\">danielle.jean@rmo.ca<\/a><\/p>\n\n\n\n<p>RMO s\u2019est donn\u00e9 comme mission de favoriser le maintien \u00e0 domicile et de participer \u00e0 l\u2019am\u00e9lioration de la qualit\u00e9 de vie de la population en g\u00e9n\u00e9ral et particuli\u00e8rement des personnes \u00e2g\u00e9es, handicap\u00e9es, malades ou en difficult\u00e9.<\/p>\n\n\n\n<h2 class=\"wp-block-heading\">R\u00e9seau des coachs de l&rsquo;Outaouais<\/h2>\n\n\n\n<p>Marthe Gratton<br><a href=\"mailto:RCO.Outaouais@gmail.com\" target=\"_blank\" rel=\"noreferrer noopener\">RCO.Outaouais@gmail.com<\/a><br><a href=\"https:\/\/www.facebook.com\/RCOUTAOUAIS\/\" target=\"_blank\" rel=\"noreferrer noopener\">https:\/\/www.facebook.com\/RCOUTAOUAIS\/<\/a><br><a href=\"https:\/\/www.coachsoutaouais.com\/\" target=\"_blank\" rel=\"noreferrer noopener\">https:\/\/www.coachsoutaouais.com\/<\/a><\/p>\n\n\n\n<p>Notre mission de l\u2019organisme est de promouvoir le coaching et nos membres coachs en tant que catalyseurs de changement, en encourageant la collaboration, l&rsquo;exp\u00e9rience, l&rsquo;expertise, le r\u00e9seautage et le d\u00e9veloppement continu, afin de susciter une transformation positive tant au niveau individuel que collectif.<\/p>\n\n\n\n<h2 class=\"wp-block-heading\">Trans Outaouais<\/h2>\n\n\n\n<p>1-888-872-6707<br><a href=\"mailto:info@transoutaouais.com\" target=\"_blank\" rel=\"noreferrer noopener\">info@transoutaouais.com<\/a><\/p>\n\n\n\n<p>OBNL dont la mission est le d\u00e9veloppement de relations harmonieuses au sein de la communaut\u00e9 2ELGBTQIA+, l\u2019inclusion, l\u2019intersectionnalit\u00e9 et l\u2019\u00e9panouissement des personnes de la diversit\u00e9 du genre.<\/p>\n\n\n\n<h2 class=\"wp-block-heading\">Ville de Gatineau<\/h2>\n\n\n\n<p>Contactez le 311,<br>Ou visitez le <a href=\"http:\/\/www.gatineau.ca\" target=\"_blank\" rel=\"noreferrer noopener\">www.gatineau.ca<\/a><\/p>\n\n\n\n<p>&nbsp;La ville de Gatineau pour les services offerts par la Ville!<\/p>\n\n\n<div class=\"wp-block-buttons is-content-justification-right is-layout-flex wp-container-core-buttons-layout-1 wp-block-buttons-is-layout-flex\">\n<div class=\"wp-block-button is-style-fill\"><a class=\"wp-block-button__link wp-element-button\" href=\"https:\/\/www.albatrosgatineaulalievre.org\/index.php\/ressources\/\">Retourner \u00e0 la page Ressources<\/a><\/div>\n<\/div>\n","protected":false},"excerpt":{"rendered":"<p>Autres Centre Actuelle Andr\u00e9anneFournier501Rue-des-PinsGatineau(Qu\u00e9bec)J8L2L2(Secteur-Buckingham)(819)986-9713programmation2@actuelle.ca 88 PrincipalSaint-Andr\u00e9-Avellin (Qu\u00e9bec)(819)516-0699 programmation@actuelle.ca Le Centre Actu-Elle offre une gamme vari\u00e9e de services visant \u00e0 soutenir et autonomiser les femmes de toutes origines et situations. Ces services comprennent des s\u00e9ances de counseling individuel et de groupe, des ateliers de d\u00e9veloppement personnel, des formations professionnelles, des \u00e9v\u00e9nements culturels et sociaux, ainsi que [&hellip;]<\/p>\n","protected":false},"author":2,"featured_media":0,"parent":0,"menu_order":0,"comment_status":"closed","ping_status":"closed","template":"","meta":{"ocean_post_layout":"","ocean_both_sidebars_style":"","ocean_both_sidebars_content_width":0,"ocean_both_sidebars_sidebars_width":0,"ocean_sidebar":"","ocean_second_sidebar":"","ocean_disable_margins":"enable","ocean_add_body_class":"","ocean_shortcode_before_top_bar":"","ocean_shortcode_after_top_bar":"","ocean_shortcode_before_header":"","ocean_shortcode_after_header":"","ocean_has_shortcode":"","ocean_shortcode_after_title":"","ocean_shortcode_before_footer_widgets":"","ocean_shortcode_after_footer_widgets":"","ocean_shortcode_before_footer_bottom":"","ocean_shortcode_after_footer_bottom":"","ocean_display_top_bar":"default","ocean_display_header":"default","ocean_header_style":"","ocean_center_header_left_menu":"","ocean_custom_header_template":"","ocean_custom_logo":0,"ocean_custom_retina_logo":0,"ocean_custom_logo_max_width":0,"ocean_custom_logo_tablet_max_width":0,"ocean_custom_logo_mobile_max_width":0,"ocean_custom_logo_max_height":0,"ocean_custom_logo_tablet_max_height":0,"ocean_custom_logo_mobile_max_height":0,"ocean_header_custom_menu":"","ocean_menu_typo_font_family":"","ocean_menu_typo_font_subset":"","ocean_menu_typo_font_size":0,"ocean_menu_typo_font_size_tablet":0,"ocean_menu_typo_font_size_mobile":0,"ocean_menu_typo_font_size_unit":"px","ocean_menu_typo_font_weight":"","ocean_menu_typo_font_weight_tablet":"","ocean_menu_typo_font_weight_mobile":"","ocean_menu_typo_transform":"","ocean_menu_typo_transform_tablet":"","ocean_menu_typo_transform_mobile":"","ocean_menu_typo_line_height":0,"ocean_menu_typo_line_height_tablet":0,"ocean_menu_typo_line_height_mobile":0,"ocean_menu_typo_line_height_unit":"","ocean_menu_typo_spacing":0,"ocean_menu_typo_spacing_tablet":0,"ocean_menu_typo_spacing_mobile":0,"ocean_menu_typo_spacing_unit":"","ocean_menu_link_color":"","ocean_menu_link_color_hover":"","ocean_menu_link_color_active":"","ocean_menu_link_background":"","ocean_menu_link_hover_background":"","ocean_menu_link_active_background":"","ocean_menu_social_links_bg":"","ocean_menu_social_hover_links_bg":"","ocean_menu_social_links_color":"","ocean_menu_social_hover_links_color":"","ocean_disable_title":"default","ocean_disable_heading":"default","ocean_post_title":"","ocean_post_subheading":"","ocean_post_title_style":"","ocean_post_title_background_color":"","ocean_post_title_background":0,"ocean_post_title_bg_image_position":"","ocean_post_title_bg_image_attachment":"","ocean_post_title_bg_image_repeat":"","ocean_post_title_bg_image_size":"","ocean_post_title_height":0,"ocean_post_title_bg_overlay":0.5,"ocean_post_title_bg_overlay_color":"","ocean_disable_breadcrumbs":"default","ocean_breadcrumbs_color":"","ocean_breadcrumbs_separator_color":"","ocean_breadcrumbs_links_color":"","ocean_breadcrumbs_links_hover_color":"","ocean_display_footer_widgets":"default","ocean_display_footer_bottom":"default","ocean_custom_footer_template":"","footnotes":""},"_links":{"self":[{"href":"https:\/\/www.albatrosgatineaulalievre.org\/index.php\/wp-json\/wp\/v2\/pages\/937"}],"collection":[{"href":"https:\/\/www.albatrosgatineaulalievre.org\/index.php\/wp-json\/wp\/v2\/pages"}],"about":[{"href":"https:\/\/www.albatrosgatineaulalievre.org\/index.php\/wp-json\/wp\/v2\/types\/page"}],"author":[{"embeddable":true,"href":"https:\/\/www.albatrosgatineaulalievre.org\/index.php\/wp-json\/wp\/v2\/users\/2"}],"replies":[{"embeddable":true,"href":"https:\/\/www.albatrosgatineaulalievre.org\/index.php\/wp-json\/wp\/v2\/comments?post=937"}],"version-history":[{"count":5,"href":"https:\/\/www.albatrosgatineaulalievre.org\/index.php\/wp-json\/wp\/v2\/pages\/937\/revisions"}],"predecessor-version":[{"id":1601,"href":"https:\/\/www.albatrosgatineaulalievre.org\/index.php\/wp-json\/wp\/v2\/pages\/937\/revisions\/1601"}],"wp:attachment":[{"href":"https:\/\/www.albatrosgatineaulalievre.org\/index.php\/wp-json\/wp\/v2\/media?parent=937"}],"curies":[{"name":"wp","href":"https:\/\/api.w.org\/{rel}","templated":true}]}}