{"id":949,"date":"2024-04-09T13:38:55","date_gmt":"2024-04-09T17:38:55","guid":{"rendered":"https:\/\/www.albatrosgatineaulalievre.org\/?page_id=949"},"modified":"2024-09-15T18:01:05","modified_gmt":"2024-09-15T22:01:05","slug":"organismes-commencant-par-c","status":"publish","type":"page","link":"https:\/\/www.albatrosgatineaulalievre.org\/index.php\/organismes-commencant-par-c\/","title":{"rendered":"Organismes commen\u00e7ant par C"},"content":{"rendered":"<h1>Organismes commen\u00e7ant par C<\/h1>\n<figure class=\"wp-block-table\">\n<table>\n<tbody>\n<tr style=\"background-color: #e0e0e0;\">\n<td colspan=\"9\"><center><strong>A \u00e0 Z<\/strong><\/center><\/td>\n<\/tr>\n<tr>\n<td><a href=\"https:\/\/www.albatrosgatineaulalievre.org\/index.php\/organisme-commencant-par-des-chiffres\/\">#<\/a><\/td>\n<td><a href=\"https:\/\/www.albatrosgatineaulalievre.org\/index.php\/organismes-commencant-par-a\/\">A<\/a><\/td>\n<td><a href=\"https:\/\/www.albatrosgatineaulalievre.org\/index.php\/organisme-commencant-par-b\/\">B<\/a><\/td>\n<td><a href=\"https:\/\/www.albatrosgatineaulalievre.org\/index.php\/organismes-commencant-par-c\/\">C<\/a><\/td>\n<td><a href=\"https:\/\/www.albatrosgatineaulalievre.org\/index.php\/organismes-commencant-par-d\/\">D<\/a><\/td>\n<td><a href=\"https:\/\/www.albatrosgatineaulalievre.org\/index.php\/organismes-commencant-par-e\/\">E<\/a><\/td>\n<td><a href=\"https:\/\/www.albatrosgatineaulalievre.org\/index.php\/organismes-commencant-par-f\/\">F<\/a><\/td>\n<td><a href=\"https:\/\/www.albatrosgatineaulalievre.org\/index.php\/organismes-commencant-par-h\/\">H<\/a><\/td>\n<td><a href=\"https:\/\/www.albatrosgatineaulalievre.org\/index.php\/organismes-commencant-par-l\/\">L<\/a><\/td>\n<\/tr>\n<tr>\n<td><a href=\"https:\/\/www.albatrosgatineaulalievre.org\/index.php\/organismes-commencant-par-m\/\">M<\/a><\/td>\n<td><a href=\"https:\/\/www.albatrosgatineaulalievre.org\/index.php\/organismes-commencant-par-o\/\">O<\/a><\/td>\n<td><a href=\"https:\/\/www.albatrosgatineaulalievre.org\/index.php\/organismes-commencant-par-p\/\">P<\/a><\/td>\n<td><a href=\"https:\/\/www.albatrosgatineaulalievre.org\/index.php\/organismes-commencant-par-q\/\">Q<\/a><\/td>\n<td><a href=\"https:\/\/www.albatrosgatineaulalievre.org\/index.php\/organismes-commencant-par-r\/\">R<\/a><\/td>\n<td><a href=\"https:\/\/www.albatrosgatineaulalievre.org\/index.php\/organismes-commencant-par-s\/\">S<\/a><\/td>\n<td><a href=\"https:\/\/www.albatrosgatineaulalievre.org\/index.php\/organismes-commencant-par-t\/\">T<\/a><\/td>\n<td><a href=\"https:\/\/www.albatrosgatineaulalievre.org\/index.php\/organismes-commencant-par-v\/\">V<\/a><\/td>\n<td>\u00a0<\/td>\n<\/tr>\n<\/tbody>\n<\/table>\n<\/figure>\n\n\n<h2 class=\"wp-block-heading\">Campus 3 (Universit\u00e9 du troisi\u00e8me \u00e2ge &#8211; Outaouais)<\/h2>\n\n\n\n<p>Jean-Charles Phillips<br>196 rue Notre-Dame,<br>Gatineau (Qu\u00e9bec)<br>J8P0E6<br>(819)663-3305 poste 210<br><a href=\"mailto:atj@campus3.ca\" target=\"_blank\" rel=\"noopener\">atj@campus3.ca<\/a><\/p>\n\n\n\n<p>Campus3 est un organisme communautaire qui r\u00e9pond aux besoins d\u2019engagement, d\u2019apprentissage, de soutien et de socialisation des personnes de 50 ans ou plus de la ville de Gatineau et d\u2019ailleurs en Outaouais. Il offre des cours et des services vari\u00e9s, des activit\u00e9s r\u00e9cr\u00e9atives diversifi\u00e9es et d\u2019h\u00e9bergement.<\/p>\n\n\n\n<h2 class=\"wp-block-heading\">Cancer (Fondation qu\u00e9b\u00e9coise du\u2026)<\/h2>\n\n\n\n<p>555, boulevard de l\u2019H\u00f4pital<br>Gatineau (Qu\u00e9bec)<br>J8V3T4<br>(819)561-2262<br><a href=\"mailto:cancerquebec.gat@fqc.qc.ca\" target=\"_blank\" rel=\"noreferrer noopener\">cancerquebec.gat@fqc.qc.ca<\/a><br><a href=\"https:\/\/cancerquebec.ca\/nous-joindre\/\" target=\"_blank\" rel=\"noreferrer noopener\">https:\/\/cancerquebec.ca\/nous-joindre\/<\/a><\/p>\n\n\n\n<p><strong>Information concernant le cancer et soutien<\/strong><\/p>\n\n\n\n<p>1\u00a0800\u00a0363 0063<br><a href=\"mailto:infocancer@fqc.qc.ca\" target=\"_blank\" rel=\"noreferrer noopener\">infocancer@fqc.qc.ca<\/a><\/p>\n\n\n\n<p><strong>Partenaire sant\u00e9<\/strong><br><a href=\"https:\/\/cancerquebec.ca\/impliquez-vous\/evenements\/#Lamarche\" target=\"_blank\" rel=\"noreferrer noopener\">https:\/\/cancerquebec.ca\/impliquez-vous\/evenements\/#Lamarche<\/a><\/p>\n\n\n\n<p>La Fondation met \u00e0 disposition des personnes atteintes d\u2019un cancer et de leurs proches une gamme de services d\u2019information, gratuits et confidentiels.&nbsp;Elle offre de l\u2019h\u00e9bergement abordable, confortable et s\u00e9curitaire avec un proche accompagnateur \u00e0 proximit\u00e9 des grands centres de radio-oncologie. Elle offre aussi des th\u00e9rapies compl\u00e9mentaires dont les bienfaits sont nombreux et reconnus par la communaut\u00e9 m\u00e9dicale (Art-th\u00e9rapie, Kin\u00e9siologie, m\u00e9ditation guid\u00e9e, massoth\u00e9rapie, yoga, etc..)<\/p>\n\n\n\n<h2 class=\"wp-block-heading\">Cancer (Soci\u00e9t\u00e9 canadienne du\u2026)<\/h2>\n\n\n\n<p>55, avenue St. Clair Ouest, bureau 300<br>Toronto&nbsp;(Ontario)<br>M4V 2Y7<\/p>\n\n\n\n<p><a href=\"https:\/\/cancer.ca\/fr\/\">https:\/\/cancer.ca\/fr\/<\/a><\/p>\n\n\n\n<p><strong>Information sur le cancer et soutien<\/strong><\/p>\n\n\n\n<p>1 888 939-3333<br><a href=\"https:\/\/cancer.ca\/fr\/contact-us\/cancer-information-and-support\" target=\"_blank\" rel=\"noreferrer noopener\">info@quebec.cancer.ca<\/a><br><a href=\"https:\/\/cancer.ca\/fr\/contact-us\/donations-tax-receipts-and-general-inquiries\" target=\"_blank\" rel=\"noreferrer noopener\">connect@cancer.ca<\/a> (demandes g\u00e9n\u00e9rales)<\/p>\n\n\n\n<p>La Soci\u00e9t\u00e9 canadienne du cancer, offre un r\u00e9seau d\u2019aide \u00e0 l&rsquo;\u00e9chelle nationale pour les personnes atteintes de cancer et leurs familles, leurs amis et leurs proches aidants. Acc\u00e9dez \u00e0 des programmes et \u00e0 des services gratuits pour vous aider \u00e0 composer avec le cancer, notamment, notre communaut\u00e9 en ligne, et nos services offerts par nos sp\u00e9cialistes de l\u2019information, par t\u00e9l\u00e9phone ou en ligne. S\u00e9journez dans l&rsquo;une de nos maisons d\u2019h\u00e9bergement. Ils offrent un h\u00e9bergement s\u00fbr et paisible \u00e0 proximit\u00e9 de l&rsquo;endroit o\u00f9 vous recevez un traitement contre le cancer. Obtenez du transport pour vos traitements.<\/p>\n\n\n\n<h2 class=\"wp-block-heading\">CDC Rond-point<\/h2>\n\n\n\n<p>57 chemin de Montr\u00e9al Est<br>Gatineau (Qu\u00e9bec)\u00a0<br>J8M 1K3<br>(819) 281-2060<br><a href=\"mailto:cdcrondpoint@cdcrondpoint.ca\" target=\"_blank\" rel=\"noreferrer noopener\">info@cdcrondpoint.ca<\/a><br><a href=\"https:\/\/cdcrondpoint.ca\/\" target=\"_blank\" rel=\"noreferrer noopener\">www.cdcrondpoint.ca<\/a><br><br>La CDC Rond-point offre une gamme de services diversifi\u00e9s visant \u00e0 promouvoir l&rsquo;autonomie, le bien-\u00eatre et la participation citoyenne. Ces services comprennent des programmes d&rsquo;aide sociale, des initiatives de d\u00e9veloppement \u00e9conomique local, des activit\u00e9s de sensibilisation communautaire et des projets de renforcement des capacit\u00e9s individuelles et collectives.<\/p>\n\n\n\n<h2 class=\"wp-block-heading\">Centraide Outaouais<\/h2>\n\n\n\n<p>74, boul. Montclair<br>Gatineau (Qu\u00e9bec)<br>J8Y 2E7<br>(819)771-7751<br>1-800-325-7751<br>Fax :&nbsp;(819)771-0301<br><a href=\"mailto:info@centraideoutaouais.com\" target=\"_blank\" rel=\"noreferrer noopener\">info@centraideoutaouais.com<\/a><\/p>\n\n\n\n<p>Centraide Outaouais offre une gamme de services essentiels pour lutter contre la pauvret\u00e9 et l&rsquo;exclusion sociale, comprenant notamment des programmes de soutien alimentaire, d&rsquo;acc\u00e8s au logement et d&rsquo;aide \u00e0 l&#8217;emploi. En plus de fournir une assistance imm\u00e9diate, l&rsquo;association travaille \u00e9galement \u00e0 renforcer les communaut\u00e9s locales en encourageant la collaboration entre les diff\u00e9rents acteurs sociaux.<\/p>\n\n\n\n<h2 class=\"wp-block-heading\">Centre Action G\u00e9n\u00e9rations des A\u00een\u00e9s de la Vall\u00e9e-de-la-Li\u00e8vre<\/h2>\n\n\n\n<p>Vincent Brousseau<br>390 avenue Buckingham,<br>Gatineau (Qu\u00e9bec)<br>J8L 2G7<br>(819)281-4343<br><a href=\"mailto:direction@cagavl.ca\" target=\"_blank\" rel=\"noreferrer noopener\">direction@cagavl.ca<\/a><\/p>\n\n\n\n<p>L&rsquo;association offre une gamme de services essentiels aux personnes \u00e2g\u00e9es d\u00e9favoris\u00e9es, comprenant des soins de sant\u00e9 \u00e0 domicile, des repas chauds livr\u00e9s, des visites de compagnie et des activit\u00e9s sociales. Elle vise \u00e0 am\u00e9liorer la qualit\u00e9 de vie des a\u00een\u00e9s en situation de vuln\u00e9rabilit\u00e9 dans la r\u00e9gion, en leur fournissant un soutien holistique et une assistance pratique au quotidien.<\/p>\n\n\n\n<h2 class=\"wp-block-heading\">Centre Actuelle<\/h2>\n\n\n\n<p>Andr\u00e9anne Fournier<br>501 rue des Pins<br>Gatineau (Qu\u00e9bec)<br>J8L 2L2<br>(Secteur Buckingham)<br>(819)986-9713<br><a href=\"mailto:programmation2@actuelle.ca\" target=\"_blank\" rel=\"noreferrer noopener\">programmation2@actuelle.ca<\/a><\/p>\n\n\n\n<p>88 Principal<br>Saint-Andr\u00e9-Avellin<br>(819)516-0699<br><a href=\"mailto:programmation@actuelle.ca\" target=\"_blank\" rel=\"noreferrer noopener\">programmation@actuelle.ca<\/a><\/p>\n\n\n\n<p>Le Centre Actu-Elle offre une gamme vari\u00e9e de services visant \u00e0 soutenir et autonomiser les femmes de toutes origines et situations. Ces services comprennent des s\u00e9ances de counseling individuel et de groupe, des ateliers de d\u00e9veloppement personnel, des formations professionnelles, des \u00e9v\u00e9nements culturels et sociaux, ainsi que des ressources et des r\u00e9f\u00e9rences pour les besoins sp\u00e9cifiques des femmes. En somme, le Centre Actu-Elle est un lieu o\u00f9 les femmes peuvent trouver du soutien, de l&rsquo;inspiration et des ressources pour s&rsquo;\u00e9panouir et r\u00e9aliser leur plein potentiel.<\/p>\n\n\n\n<h2 class=\"wp-block-heading\">Centre alimentaire d\u2019Aylmer<\/h2>\n\n\n\n<p>70 route Eardley,<br>Gatineau (QC)<br>J9H 4k2<br>(819) 684-0163<br>T\u00e9l\u00e9copieur: (819) 684-4714<br><a href=\"mailto:centrealimentaireaylmer-rec@videotron.ca\" target=\"_blank\" rel=\"noreferrer noopener\">centrealimentaireaylmer-rec@videotron.ca<\/a><br><a href=\"https:\/\/www.centrealimentaireaylmer.org\/\" target=\"_blank\" rel=\"noreferrer noopener\">https:\/\/www.centrealimentaireaylmer.org\/<\/a>   <\/p>\n\n\n\n<p>Le centre alimentaire Aylmer a pour but de d\u00e9velopper diff\u00e9rentes alternatives pour contrer le processus de paup\u00e9risation et de la pauvret\u00e9 dans la communaut\u00e9 du secteur Aylmer.<\/p>\n\n\n\n<h2 class=\"wp-block-heading\">Centre d&rsquo;action b\u00e9n\u00e9vole Acc\u00e8s (Aylmer)<\/h2>\n\n\n\n<p>67, rue Principale,<br>Gatineau (Qu\u00e9bec)&nbsp;<br>J9H 3L4<br>(819)684-2242<br><a href=\"mailto:cabaccess@videotron.ca\" target=\"_blank\" rel=\"noreferrer noopener\">cabaccess@videotron.ca<\/a><\/p>\n\n\n\n<p>Le Centre d&rsquo;action b\u00e9n\u00e9vole Acc\u00e8s offre une vari\u00e9t\u00e9 de services incluant l&rsquo;accompagnement aux rendez-vous m\u00e9dicaux, la livraison de repas \u00e0 domicile, ainsi que des visites d&rsquo;amiti\u00e9 et de soutien moral pour les personnes \u00e2g\u00e9es et\/ou dans le besoin de la communaut\u00e9 d&rsquo;Aylmer.<\/p>\n\n\n\n<h2 class=\"wp-block-heading\">Centre d&rsquo;action b\u00e9n\u00e9vole de Hull<\/h2>\n\n\n\n<p>12, rue Brodeur<br>Gatineau (Qu\u00e9bec)<br>J8Y 2P4<br>(819) 778-2900<br><a href=\"mailto:info@benevoles-outaouais.org\" target=\"_blank\" rel=\"noreferrer noopener\">info@benevoles-outaouais.org<\/a><\/p>\n\n\n\n<p>Le Centre d&rsquo;action b\u00e9n\u00e9vole de Hull vise \u00e0 promouvoir et \u00e0 d\u00e9velopper l&rsquo;action b\u00e9n\u00e9vole dans divers secteurs de l&rsquo;activit\u00e9 humaine en cr\u00e9ant un environnement propice \u00e0 l&rsquo;engagement b\u00e9n\u00e9vole et en offrant des services adapt\u00e9s pour r\u00e9pondre aux besoins de la communaut\u00e9.<\/p>\n\n\n\n<h2 class=\"wp-block-heading\">Centre d&rsquo;action b\u00e9n\u00e9vole Gatineau (CAB)<\/h2>\n\n\n\n<p>Yanina Tremblay<br>42 avenue Gatineau<br>Gatineau (Qu\u00e9bec)<br>J8T 4J3<br>(819) 568-0747<br><a href=\"mailto:centreadministration@videotron.ca\" target=\"_blank\" rel=\"noreferrer noopener\">centreadministration@videotron.ca<\/a><br><a href=\"mailto:direction@benevoles-outaouais.org\" target=\"_blank\" rel=\"noreferrer noopener\">direction@benevoles-outaouais.org<\/a><br><a href=\"mailto:jebenevole@benevoles-outaouais.org\" target=\"_blank\" rel=\"noreferrer noopener\">jebenevole@benevoles-outaouais.org<\/a><br><a href=\"https:\/\/www.cabgatineau.com\/services\/soutien-aux-organismes\" target=\"_blank\" rel=\"noreferrer noopener\">https:\/\/www.cabgatineau.com\/services\/soutien-aux-organismes<\/a><\/p>\n\n\n\n<p>Les services offerts par l&rsquo;association comprennent des programmes de soutien aux a\u00een\u00e9s pour favoriser leur autonomie et leur bien-\u00eatre dans leur environnement quotidien, ainsi que des initiatives visant \u00e0 int\u00e9grer et soutenir divers groupes au sein de la communaut\u00e9 locale.<\/p>\n\n\n\n<h2 class=\"wp-block-heading\">Centre d&rsquo;assistance et accompagnement aux plaintes Outaouais (CAAP)<\/h2>\n\n\n\n<p>92, boul. St-Raymond, bureau 203<br>Gatineau (Qu\u00e9bec)<br>J8Y 1S7<br>(819) 770-3637<br>1-877-767-2227 (sans frais)<br><a href=\"mailto:info@caap-outaouais.ca\" target=\"_blank\" rel=\"noreferrer noopener\">info@caap-outaouais.ca<\/a><\/p>\n\n\n\n<p>L&rsquo;objectif principal du CAAP est de faciliter le processus de r\u00e9solution des plaintes li\u00e9es aux services de sant\u00e9 et sociaux en offrant un soutien personnalis\u00e9, confidentiel et gratuit aux usagers, \u00e0 leurs repr\u00e9sentants ou aux h\u00e9ritiers l\u00e9gaux, afin de promouvoir la justice et l&rsquo;am\u00e9lioration continue des services.<\/p>\n\n\n\n<h2 class=\"wp-block-heading\">Centre d&rsquo;entraide aux ain\u00e9s<\/h2>\n\n\n\n<p>331, boulevard de la Cit\u00e9-des-Jeunes, bureau 101,<br>Gatineau (Qu\u00e9bec)\u00a0<br>J8Y6T3<br>(819)771-6609<br><a href=\"mailto:reception@entraideauxaines.ca\" target=\"_blank\" rel=\"noreferrer noopener\">reception@entraideauxaines.ca<\/a><br><a href=\"mailto:centredentraideauxaines@videotron.ca\" target=\"_blank\" rel=\"noreferrer noopener\">centredentraideauxaines@videotron.ca<\/a><\/p>\n\n\n\n<p>Les services offerts par notre association visent \u00e0 offrir un soutien complet aux a\u00een\u00e9s et \u00e0 leurs proches aidants, comprenant des soins personnalis\u00e9s, des activit\u00e9s stimulantes et un accompagnement empathique. Nous nous engageons \u00e0 cr\u00e9er un environnement s\u00e9curitaire et chaleureux o\u00f9 chaque individu peut s&rsquo;\u00e9panouir et vivre pleinement sa vie.<\/p>\n\n\n\n<h2 class=\"wp-block-heading\">Centre de canc\u00e9rologie<\/h2>\n\n\n\n<p>H\u00f4pital de Gatineau<br>Ouvert du lundi au vendredi entre 08h00 et 16h00 \u00e0 l\u2019exception des jours f\u00e9ri\u00e9s.<br>819-966-6130<br><a href=\"https:\/\/cisss-outaouais.gouv.qc.ca\/wp-content\/uploads\/2022\/05\/Aide-memoire-pour-joindre-la-cancerologie-du-CISSS-de-lOutaouais.pdf\" target=\"_blank\" rel=\"noreferrer noopener\">https:\/\/cisss-outaouais.gouv.qc.ca\/wp-content\/uploads\/2022\/05\/Aide-memoire-pour-joindre-la-cancerologie-du-CISSS-de-lOutaouais.pdf<\/a><\/p>\n\n\n\n<p>Si vous \u00eates incapable de joindre votre infirmi\u00e8re pivot ou qu\u2019on ne vous a pas assign\u00e9 d\u2019infirmi\u00e8re, veuillez composez-le num\u00e9ro du 819 966-6130. Si votre \u00e9tat de sant\u00e9 s\u2019est d\u00e9t\u00e9rior\u00e9e, contactez le 811 ou pr\u00e9sentez-vous \u00e0 l\u2019urgence.<\/p>\n\n\n\n<h2 class=\"wp-block-heading\">Centre de justice de proximit\u00e9 de l\u2019Outaouais<\/h2>\n\n\n\n<p>768, boul. Saint-Joseph, Bureau 200,<br>Gatineau (Qu\u00e9bec)<br>J8P 4B8<br>(819) 600-4600<br>1&nbsp;844&nbsp;606-4600<br><a href=\"mailto:outaouais@cjpqc.ca\" target=\"_blank\" rel=\"noreferrer noopener\">outaouais@cjpqc.ca<\/a><\/p>\n\n\n\n<p>Le Centre de justice de proximit\u00e9 de l&rsquo;Outaouais vise \u00e0 d\u00e9mocratiser l&rsquo;acc\u00e8s \u00e0 la justice en offrant des services gratuits et confidentiels d&rsquo;information juridique, de soutien et d&rsquo;orientation aux citoyens de la r\u00e9gion. Son objectif est de renforcer l&rsquo;autonomie des individus en les aidant \u00e0 comprendre et \u00e0 naviguer dans le syst\u00e8me juridique, tout en leur offrant un soutien adapt\u00e9 \u00e0 leurs besoins sp\u00e9cifiques.<\/p>\n\n\n\n<h2 class=\"wp-block-heading\">Centre des ain\u00e9es<\/h2>\n\n\n\n<p>196, rue Notre-Dame,<br>Gatineau (Qu\u00e9bec)<br>J8P 0E6<br>(819) 663 3305<br><a href=\"mailto:cag@videotron.ca\" target=\"_blank\" rel=\"noreferrer noopener\">cag@videotron.ca<\/a><\/p>\n\n\n\n<p>Cette organisation \u0153uvre pour la vie active pour personnes \u00e2g\u00e9es incluent l&rsquo;organisation d&rsquo;activit\u00e9s sociales et culturelles vari\u00e9es, la coordination de programmes d&rsquo;apprentissage et de loisirs adapt\u00e9s aux besoins et int\u00e9r\u00eats des personnes \u00e2g\u00e9es, favorisant ainsi leur bien-\u00eatre physique, mental et \u00e9motionnel.<\/p>\n\n\n\n<h2 class=\"wp-block-heading\">Centre Inter-Section<\/h2>\n\n\n\n<p>1232 St-Ren\u00e9 Ouest,<br>Gatineau (Qu\u00e9bec)&nbsp;<br>J8T6H3<br>(819)568-4555<br><a href=\"mailto:info@inter-section.ca\" target=\"_blank\" rel=\"noreferrer noopener\">info@inter-section.ca<\/a><\/p>\n\n\n\n<p>Le Centre de r\u00e9tablissement Intersection, fond\u00e9 en 1988, s&rsquo;engage \u00e0 promouvoir la r\u00e9adaptation et la r\u00e9insertion sociale des personnes confront\u00e9es \u00e0 des probl\u00e8mes de sant\u00e9 mentale, tout en offrant un soutien essentiel aux individus touch\u00e9s par le suicide. Notre approche repose sur le concept de r\u00e9tablissement, favorisant l&rsquo;autonomisation et l&rsquo;utilisation des forces individuelles, soutenue par une \u00e9quipe professionnelle ax\u00e9e sur des pratiques bas\u00e9es sur des donn\u00e9es probantes et innovantes.<\/p>\n\n\n\n<h2 class=\"wp-block-heading\">Cercle des belles fermi\u00e8res de l&rsquo;Outaouais<\/h2>\n\n\n\n<p>(450)442-3983<br>1 866 442-3983<br><a href=\"mailto:cerfer@cfq.qc.ca\" target=\"_blank\" rel=\"noreferrer noopener\">cerfer@cfq.qc.ca<\/a><\/p>\n\n\n\n<p>Les Cercles de Fermi\u00e8res du Qu\u00e9bec ont pour mission de promouvoir l&rsquo;am\u00e9lioration des conditions de vie des femmes et des familles tout en pr\u00e9servant et en transmettant le patrimoine culturel et artisanal qu\u00e9b\u00e9cois. Avec plus de 30 000 membres, ils r\u00e9alisent cet objectif \u00e0 travers des actions et des \u0153uvres de bienfaisance visant \u00e0 soutenir ces valeurs fondamentales.<\/p>\n\n\n\n<h2 class=\"wp-block-heading\">CLSC-Soutien \u00e0 domicile<\/h2>\n\n\n\n<p>104 rue Lois<br>Gatineau (Qu\u00e9bec)&nbsp;&nbsp;<br>J8Y 3R7<br>(819) 966-6530<\/p>\n\n\n\n<p>Le CLSC (Centre local de services communautaires) soutien \u00e0 domicile fournit des services de sant\u00e9 et sociaux de premi\u00e8re ligne \u00e0 la population, incluant la pr\u00e9vention, les soins de sant\u00e9 primaires, et le soutien communautaire.<\/p>\n\n\n\n<h2 class=\"wp-block-heading\">CLSC<\/h2>\n\n\n\n<p>101, rue MacLaren<br>2e&nbsp;\u00e9tage<br>Gatineau (Qu\u00e9bec)&nbsp;&nbsp;<br>(Secteur Buckingham)<br>(819)966-6100<\/p>\n\n\n\n<p>Le CLSC (Centre local de services communautaires) fournit des services de sant\u00e9 et sociaux de premi\u00e8re ligne \u00e0 la population, incluant la pr\u00e9vention, les soins de sant\u00e9 primaires, et le soutien communautaire.<\/p>\n\n\n\n<h2 class=\"wp-block-heading\">CLSC-soutien aux proches aidants<\/h2>\n\n\n\n<p>578 Rue Maclaren E,<br>Gatineau (Qu\u00e9bec)<br>J8L 2V9<br>(819) 986-3359<\/p>\n\n\n\n<p>Le CLSC (Centre local de services communautaires) soutien aux proches aidant fournit des services de sant\u00e9 et sociaux de premi\u00e8re ligne \u00e0 la population, incluant la pr\u00e9vention, les soins de sant\u00e9 primaires, et le soutien communautaire.<\/p>\n\n\n\n<h2 class=\"wp-block-heading\">Comit\u00e9 local de soins palliatifs de Papineau<\/h2>\n\n\n\n<p>H\u00f4pital de Papineau<br>155, rue Maclaren Est<br>Gatineau (Qu\u00e9bec)\u00a0\u00a0<br>J8L\u00a00C2<br>(819)986-4115 poste 224939.<br><\/p>\n\n\n\n<p>Le but de l\u2019organisme est d&rsquo;offrir gratuitement des soins palliatifs de qualit\u00e9 ainsi qu&rsquo;un accompagnement professionnel, psychologique et spirituel aux personnes en fin de vie.<\/p>\n\n\n\n<h2 class=\"wp-block-heading\">Connexions Resource Centre<\/h2>\n\n\n\n<p>67 rue du Couvent, Gatineau (Qu\u00e9bec)<br>J9H6A2<br>(secteur Aylmer)<br>(819)557-0615<br><a href=\"mailto:info@centreconnexions.org\" target=\"_blank\" rel=\"noreferrer noopener\">info@centreconnexions.org<\/a><\/p>\n\n\n\n<p>Cet organisme promeut la sant\u00e9, le bien-\u00eatre social et la vitalit\u00e9 de la communaut\u00e9 anglophone de l&rsquo;Outaouais. En travaillant en collaboration avec divers partenaires et en offrant des programmes et des services adapt\u00e9s, nous nous engageons \u00e0 soutenir et \u00e0 renforcer le tissu social de notre communaut\u00e9 anglaise, favorisant ainsi son \u00e9panouissement et son \u00e9quilibre dans tous les aspects de la vie.<\/p>\n\n\n\n<h2 class=\"wp-block-heading\">Coop des 1001 corv\u00e9es<\/h2>\n\n\n\n<p>119 Rue Papineau,<br>Papineauville (Qu\u00e9bec)&nbsp;<br>J0V1R0<br>(819)427-5252<br><a href=\"mailto:mcoop1001@videotron.ca\" target=\"_blank\" rel=\"noreferrer noopener\">mcoop1001@videotron.ca<\/a><\/p>\n\n\n\n<p>La COOP des 1001 Corv\u00e9es s&rsquo;engage depuis 1998 \u00e0 am\u00e9liorer la qualit\u00e9 de vie de ses clients en offrant des services domestiques professionnels et respectueux.<\/p>\n\n\n\n<h2 class=\"wp-block-heading\">Corporation des ain\u00e9es de la cabane en bois rond<\/h2>\n\n\n\n<p>331, boul. de la Cit\u00e9-des-Jeunes, pi\u00e8ce 113<br>Gatineau (Qu\u00e9bec)<br>&nbsp;J8Y 6T3<br>(819)776-6015<br><a href=\"mailto:corpocabane@gmail.com\" target=\"_blank\" rel=\"noreferrer noopener\">corpocabane@gmail.com<\/a><\/p>\n\n\n\n<p>La Corpo vise \u00e0 cr\u00e9er un environnement inclusif et stimulant pour les personnes \u00e2g\u00e9es de 50 ans et plus en organisant une vari\u00e9t\u00e9 d&rsquo;activit\u00e9s r\u00e9cr\u00e9atives, culturelles et physiques. En encourageant la participation active des membres et en s&rsquo;appuyant sur le b\u00e9n\u00e9volat pour r\u00e9duire les co\u00fbts d&rsquo;op\u00e9ration, elle vise \u00e0 offrir des opportunit\u00e9s enrichissantes \u00e0 tous, ind\u00e9pendamment de leur situation financi\u00e8re.<\/p>\n\n\n\n<h2 class=\"wp-block-heading\"><\/h2>\n\n\n\n<div class=\"wp-block-buttons is-content-justification-right is-layout-flex wp-container-core-buttons-layout-1 wp-block-buttons-is-layout-flex\">\n<div class=\"wp-block-button is-style-fill\"><a class=\"wp-block-button__link wp-element-button\" href=\"https:\/\/www.albatrosgatineaulalievre.org\/index.php\/ressources\/\">Retourner \u00e0 la page Ressources<\/a><\/div>\n<\/div>\n","protected":false},"excerpt":{"rendered":"<p>Organismes commen\u00e7ant par C A \u00e0 Z # A B C D E F H L M O P Q R S T V \u00a0 Campus 3 (Universit\u00e9 du troisi\u00e8me \u00e2ge &#8211; Outaouais) Jean-Charles Phillips196 rue Notre-Dame,Gatineau (Qu\u00e9bec)J8P0E6(819)663-3305 poste 210atj@campus3.ca Campus3 est un organisme communautaire qui r\u00e9pond aux besoins d\u2019engagement, d\u2019apprentissage, de soutien et de [&hellip;]<\/p>\n","protected":false},"author":2,"featured_media":0,"parent":0,"menu_order":0,"comment_status":"closed","ping_status":"closed","template":"","meta":{"ocean_post_layout":"","ocean_both_sidebars_style":"","ocean_both_sidebars_content_width":0,"ocean_both_sidebars_sidebars_width":0,"ocean_sidebar":"","ocean_second_sidebar":"","ocean_disable_margins":"enable","ocean_add_body_class":"","ocean_shortcode_before_top_bar":"","ocean_shortcode_after_top_bar":"","ocean_shortcode_before_header":"","ocean_shortcode_after_header":"","ocean_has_shortcode":"","ocean_shortcode_after_title":"","ocean_shortcode_before_footer_widgets":"","ocean_shortcode_after_footer_widgets":"","ocean_shortcode_before_footer_bottom":"","ocean_shortcode_after_footer_bottom":"","ocean_display_top_bar":"default","ocean_display_header":"default","ocean_header_style":"","ocean_center_header_left_menu":"","ocean_custom_header_template":"","ocean_custom_logo":0,"ocean_custom_retina_logo":0,"ocean_custom_logo_max_width":0,"ocean_custom_logo_tablet_max_width":0,"ocean_custom_logo_mobile_max_width":0,"ocean_custom_logo_max_height":0,"ocean_custom_logo_tablet_max_height":0,"ocean_custom_logo_mobile_max_height":0,"ocean_header_custom_menu":"","ocean_menu_typo_font_family":"","ocean_menu_typo_font_subset":"","ocean_menu_typo_font_size":0,"ocean_menu_typo_font_size_tablet":0,"ocean_menu_typo_font_size_mobile":0,"ocean_menu_typo_font_size_unit":"px","ocean_menu_typo_font_weight":"","ocean_menu_typo_font_weight_tablet":"","ocean_menu_typo_font_weight_mobile":"","ocean_menu_typo_transform":"","ocean_menu_typo_transform_tablet":"","ocean_menu_typo_transform_mobile":"","ocean_menu_typo_line_height":0,"ocean_menu_typo_line_height_tablet":0,"ocean_menu_typo_line_height_mobile":0,"ocean_menu_typo_line_height_unit":"","ocean_menu_typo_spacing":0,"ocean_menu_typo_spacing_tablet":0,"ocean_menu_typo_spacing_mobile":0,"ocean_menu_typo_spacing_unit":"","ocean_menu_link_color":"","ocean_menu_link_color_hover":"","ocean_menu_link_color_active":"","ocean_menu_link_background":"","ocean_menu_link_hover_background":"","ocean_menu_link_active_background":"","ocean_menu_social_links_bg":"","ocean_menu_social_hover_links_bg":"","ocean_menu_social_links_color":"","ocean_menu_social_hover_links_color":"","ocean_disable_title":"default","ocean_disable_heading":"default","ocean_post_title":"","ocean_post_subheading":"","ocean_post_title_style":"","ocean_post_title_background_color":"","ocean_post_title_background":0,"ocean_post_title_bg_image_position":"","ocean_post_title_bg_image_attachment":"","ocean_post_title_bg_image_repeat":"","ocean_post_title_bg_image_size":"","ocean_post_title_height":0,"ocean_post_title_bg_overlay":0.5,"ocean_post_title_bg_overlay_color":"","ocean_disable_breadcrumbs":"default","ocean_breadcrumbs_color":"","ocean_breadcrumbs_separator_color":"","ocean_breadcrumbs_links_color":"","ocean_breadcrumbs_links_hover_color":"","ocean_display_footer_widgets":"default","ocean_display_footer_bottom":"default","ocean_custom_footer_template":"","footnotes":""},"_links":{"self":[{"href":"https:\/\/www.albatrosgatineaulalievre.org\/index.php\/wp-json\/wp\/v2\/pages\/949"}],"collection":[{"href":"https:\/\/www.albatrosgatineaulalievre.org\/index.php\/wp-json\/wp\/v2\/pages"}],"about":[{"href":"https:\/\/www.albatrosgatineaulalievre.org\/index.php\/wp-json\/wp\/v2\/types\/page"}],"author":[{"embeddable":true,"href":"https:\/\/www.albatrosgatineaulalievre.org\/index.php\/wp-json\/wp\/v2\/users\/2"}],"replies":[{"embeddable":true,"href":"https:\/\/www.albatrosgatineaulalievre.org\/index.php\/wp-json\/wp\/v2\/comments?post=949"}],"version-history":[{"count":18,"href":"https:\/\/www.albatrosgatineaulalievre.org\/index.php\/wp-json\/wp\/v2\/pages\/949\/revisions"}],"predecessor-version":[{"id":1936,"href":"https:\/\/www.albatrosgatineaulalievre.org\/index.php\/wp-json\/wp\/v2\/pages\/949\/revisions\/1936"}],"wp:attachment":[{"href":"https:\/\/www.albatrosgatineaulalievre.org\/index.php\/wp-json\/wp\/v2\/media?parent=949"}],"curies":[{"name":"wp","href":"https:\/\/api.w.org\/{rel}","templated":true}]}}