{"id":967,"date":"2024-04-09T13:52:17","date_gmt":"2024-04-09T17:52:17","guid":{"rendered":"https:\/\/www.albatrosgatineaulalievre.org\/?page_id=967"},"modified":"2024-04-11T17:38:45","modified_gmt":"2024-04-11T21:38:45","slug":"organismes-commencant-par-l","status":"publish","type":"page","link":"https:\/\/www.albatrosgatineaulalievre.org\/index.php\/organismes-commencant-par-l\/","title":{"rendered":"Organismes commen\u00e7ant par L"},"content":{"rendered":"<h1>Organismes commen\u00e7ant par L<\/h1>\n<figure class=\"wp-block-table\">\n<table>\n<tbody>\n<tr style=\"background-color: #e0e0e0;\">\n<td colspan=\"9\"><center><strong>A \u00e0 Z<\/strong><\/center><\/td>\n<\/tr>\n<tr>\n<td><a href=\"https:\/\/www.albatrosgatineaulalievre.org\/index.php\/organisme-commencant-par-des-chiffres\/\">#<\/a><\/td>\n<td><a href=\"https:\/\/www.albatrosgatineaulalievre.org\/index.php\/organismes-commencant-par-a\/\">A<\/a><\/td>\n<td><a href=\"https:\/\/www.albatrosgatineaulalievre.org\/index.php\/organisme-commencant-par-b\/\">B<\/a><\/td>\n<td><a href=\"https:\/\/www.albatrosgatineaulalievre.org\/index.php\/organismes-commencant-par-c\/\">C<\/a><\/td>\n<td><a href=\"https:\/\/www.albatrosgatineaulalievre.org\/index.php\/organismes-commencant-par-d\/\">D<\/a><\/td>\n<td><a href=\"https:\/\/www.albatrosgatineaulalievre.org\/index.php\/organismes-commencant-par-e\/\">E<\/a><\/td>\n<td><a href=\"https:\/\/www.albatrosgatineaulalievre.org\/index.php\/organismes-commencant-par-f\/\">F<\/a><\/td>\n<td><a href=\"https:\/\/www.albatrosgatineaulalievre.org\/index.php\/organismes-commencant-par-h\/\">H<\/a><\/td>\n<td><a href=\"https:\/\/www.albatrosgatineaulalievre.org\/index.php\/organismes-commencant-par-l\/\">L<\/a><\/td>\n<\/tr>\n<tr>\n<td><a href=\"https:\/\/www.albatrosgatineaulalievre.org\/index.php\/organismes-commencant-par-m\/\">M<\/a><\/td>\n<td><a href=\"https:\/\/www.albatrosgatineaulalievre.org\/index.php\/organismes-commencant-par-o\/\">O<\/a><\/td>\n<td><a href=\"https:\/\/www.albatrosgatineaulalievre.org\/index.php\/organismes-commencant-par-p\/\">P<\/a><\/td>\n<td><a href=\"https:\/\/www.albatrosgatineaulalievre.org\/index.php\/organismes-commencant-par-q\/\">Q<\/a><\/td>\n<td><a href=\"https:\/\/www.albatrosgatineaulalievre.org\/index.php\/organismes-commencant-par-r\/\">R<\/a><\/td>\n<td><a href=\"https:\/\/www.albatrosgatineaulalievre.org\/index.php\/organismes-commencant-par-s\/\">S<\/a><\/td>\n<td><a href=\"https:\/\/www.albatrosgatineaulalievre.org\/index.php\/organismes-commencant-par-t\/\">T<\/a><\/td>\n<td><a href=\"https:\/\/www.albatrosgatineaulalievre.org\/index.php\/organismes-commencant-par-v\/\">V<\/a><\/td>\n<td>\u00a0<\/td>\n<\/tr>\n<\/tbody>\n<\/table>\n<\/figure>\n\n<h2 class=\"wp-block-heading\">L\u2019amicale des personnes handicap\u00e9es physiques de l\u2019Outaouais<\/h2>\n\n\n\n<p>405, rue Notre-Dame<br>Gatineau (Qu\u00e9bec)<br>J8P 1L7<br>(819) 663-2999<br><a href=\"mailto:info@amicale.ca\" target=\"_blank\" rel=\"noreferrer noopener\">info@amicale.ca<\/a><\/p>\n\n\n\n<p>L&rsquo;Amicale des personnes handicap\u00e9es physiques de l&rsquo;Outaouais s&rsquo;engage \u00e0 accueillir et soutenir les individus en situation de handicap physique dans la r\u00e9gion de l&rsquo;Outaouais, en offrant une gamme de services et d&rsquo;activit\u00e9s sp\u00e9cialement con\u00e7us pour rompre leur isolement social et favoriser le d\u00e9veloppement de leur autonomie.<\/p>\n\n\n\n<h2 class=\"wp-block-heading\">L\u2019apog\u00e9e<\/h2>\n\n\n\n<p>98, Boulevard St-Raymond pi\u00e8ce 304<br>Gatineau (Qu\u00e9bec)<br>J8Y 1S7<br>(819) 771-6488<br>1-855-272-7837<br><a href=\"mailto:Info@lapogee.ca\" target=\"_blank\" rel=\"noreferrer noopener\">Info@lapogee.ca<\/a><\/p>\n\n\n\n<p><br>L&rsquo;Apog\u00e9e vise \u00e0 renforcer le soutien familial et amical pour les personnes vivant avec un trouble de sant\u00e9 mentale, afin d&rsquo;am\u00e9liorer leur qualit\u00e9 de vie et favoriser l&rsquo;entraide au sein de la communaut\u00e9.<\/p>\n\n\n\n<h2 class=\"wp-block-heading\">La Maison des Collines (MDC)<\/h2>\n\n\n\n<p>99, chemin Burnside<br>Wakefield (Qu\u00e9bec)<br>J0X 3G0<br>819-459-1233<br>T\u00e9l\u00e9copieur : 873-767-2398<br><a href=\"mailto:info@lamaisondescollines.org\" target=\"_blank\" rel=\"noreferrer noopener\">info@lamaisondescollines.org<\/a><br><a href=\"https:\/\/www.lamaisondescollines.org\/fr\/nous-joindre\/\" target=\"_blank\" rel=\"noreferrer noopener\">https:\/\/www.lamaisondescollines.org\/fr\/nous-joindre\/<\/a><\/p>\n\n\n\n<p>De prodiguer des soins palliatifs et un accompagnement de grande qualit\u00e9 aux patients en fin de vie et \u00e0 leur famille par la pr\u00e9vention et le contr\u00f4le des sympt\u00f4mes physiques invalidants tout en offrant dans un environnement de calme, paix et qui\u00e9tude, le soutien spirituel, psychologique et \u00e9motionnel dont ont besoin les malades en phase terminale.<\/p>\n\n\n\n<h2 class=\"wp-block-heading\">La maison Mathieu Froment-Savoie<\/h2>\n\n\n\n<p>170 rue Sherbrooke<br>Gatineau (Qu\u00e9bec)<br>J8Y 2L6<br>(819) 770-3900<br><a href=\"https:\/\/www.mmfs.org\/fr\/\" target=\"_blank\" rel=\"noreferrer noopener\">https:\/\/www.mmfs.org\/fr\/<\/a><\/p>\n\n\n\n<p>La Maison Mathieu Froment-Savoie s&rsquo;engage \u00e0 offrir gratuitement des soins palliatifs de qualit\u00e9, centr\u00e9s sur le bien-\u00eatre et la dignit\u00e9 des personnes en fin de vie ainsi que de leurs proches. En tant que centre d&rsquo;expertise, elle aspire \u00e0 influencer le d\u00e9veloppement des services palliatifs \u00e0 l&rsquo;\u00e9chelle r\u00e9gionale et provinciale, tout en maintenant une r\u00e9putation d&rsquo;innovation continue et en renfor\u00e7ant son leadership dans la formation en soins palliatifs.<\/p>\n\n\n\n<h2 class=\"wp-block-heading\">Le centre d&rsquo;expertise en gestion des maladies chroniques de l&rsquo;Outaouais (CEMCO)<\/h2>\n\n\n\n<p>500 boulevard de l&rsquo;h\u00f4pital, suite 100<br>Gatineau (Qu\u00e9bec)<br>819-966-6382 poste 332058<\/p>\n\n\n\n<p>La mission du centre d&rsquo;expertise en gestion de maladies chroniques est de contribuer au maintien et \u00e0 l&rsquo;am\u00e9lioration de l&rsquo;\u00e9tat de sant\u00e9 des adultes atteints de certaines maladies chroniques.<\/p>\n\n\n\n<h2 class=\"wp-block-heading\">Le grenier d\u2019apprentissage Jacques L. Chardonneau Inc.<\/h2>\n\n\n\n<p>477 B\u00e9langer<br>Gatineau (Qu\u00e9bec)<br>J8L 2M3<br>(819) 281-6470<br><a href=\"mailto:legrenierapprentissage@videotron.ca\" target=\"_blank\" rel=\"noreferrer noopener\">legrenierapprentissage@videotron.ca<\/a><\/p>\n\n\n\n<p>Notre centre de jour pour adultes offrant des services sp\u00e9cialis\u00e9s aux personnes pr\u00e9sentant une d\u00e9ficience intellectuelle fournit un environnement inclusif et stimulant, favorisant le d\u00e9veloppement personnel, les activit\u00e9s \u00e9ducatives et r\u00e9cr\u00e9atives, ainsi que le soutien individuel pour maximiser l&rsquo;autonomie et la qualit\u00e9 de vie.<\/p>\n\n\n\n<h2 class=\"wp-block-heading\">Le Havre, centre de jour<\/h2>\n\n\n\n<p>171, rue Nicolet,\u00a0<br>Gatineau (Qu\u00e9bec)\u00a0<br>J8Y 2K2<br>(819) 770-3900<br><a href=\"mailto:acc.a.domicile@mmfs.org\" target=\"_blank\" rel=\"noreferrer noopener\">acc.a.domicile@mmfs.org<\/a><\/p>\n\n\n\n<p>Le Havre a pour mission d\u2019offrir des activit\u00e9s de ressourcement aux personnes en soins palliatifs ainsi qu\u2019\u00e0 leurs proches aidants dans un espace s\u00e9curitaire afin de briser l\u2019isolement gr\u00e2ce aux \u00e9changes entre pairs et permettre de vivre des moments r\u00e9confortants.<\/p>\n\n\n\n<h2 class=\"wp-block-heading\">Ligne d\u2019\u00e9coute t\u00e9l\u00e9phonique Aide Abus Ain\u00e9s<\/h2>\n\n\n\n<p>1-888-489-2287<br><a href=\"mailto:ligneaideabusaines@ssss.gouv.qc.ca\" target=\"_blank\" rel=\"noreferrer noopener\">ligneaideabusaines@ssss.gouv.qc.ca<\/a><br><a href=\"http:\/\/www.aideabusaines.ca\" target=\"_blank\" rel=\"noreferrer noopener\">www.aideabusaines.ca<\/a><\/p>\n\n\n\n<p>La Ligne Aide Abus A\u00een\u00e9s est une ligne t\u00e9l\u00e9phonique provinciale d&rsquo;\u00e9coute et de r\u00e9f\u00e9rence sp\u00e9cialis\u00e9e en mati\u00e8re de maltraitance envers les a\u00een\u00e9s.<\/p>\n\n\n\n<h2 class=\"wp-block-heading\">Logement int\u00e9gr\u00e9 de Hull Inc.<\/h2>\n\n\n\n<p>111-576, boul. Cit\u00e9 des Jeunes<br>Gatineau (Qu\u00e9bec)<br>J8Z 1L2<br>(819) 592-3491<br><a href=\"mailto:direction@logementintegredehull.com\" target=\"_blank\" rel=\"noreferrer noopener\">direction@logementintegredehull.com<\/a><\/p>\n\n\n\n<p>Le but de Logement Int\u00e9gr\u00e9 De Hull Inc. est d&rsquo;offrir un environnement adapt\u00e9 et inclusif pour les personnes de 18 ans et plus vivant avec une mobilit\u00e9 r\u00e9duite s\u00e9v\u00e8re, en leur fournissant un logement int\u00e9gr\u00e9 qui favorise leur autonomie et leur bien-\u00eatre.<\/p>\n\n\n<div class=\"wp-block-buttons is-content-justification-right is-layout-flex wp-container-core-buttons-layout-1 wp-block-buttons-is-layout-flex\">\n<div class=\"wp-block-button is-style-fill\"><a class=\"wp-block-button__link wp-element-button\" href=\"https:\/\/www.albatrosgatineaulalievre.org\/index.php\/ressources\/\">Retourner \u00e0 la page Ressources<\/a><\/div>\n<\/div>\n","protected":false},"excerpt":{"rendered":"<p>Organismes commen\u00e7ant par L A \u00e0 Z # A B C D E F H L M O P Q R S T V \u00a0 L\u2019amicale des personnes handicap\u00e9es physiques de l\u2019Outaouais 405, rue Notre-DameGatineau (Qu\u00e9bec)J8P 1L7(819) 663-2999info@amicale.ca L&rsquo;Amicale des personnes handicap\u00e9es physiques de l&rsquo;Outaouais s&rsquo;engage \u00e0 accueillir et soutenir les individus en situation de [&hellip;]<\/p>\n","protected":false},"author":2,"featured_media":0,"parent":0,"menu_order":0,"comment_status":"closed","ping_status":"closed","template":"","meta":{"ocean_post_layout":"","ocean_both_sidebars_style":"","ocean_both_sidebars_content_width":0,"ocean_both_sidebars_sidebars_width":0,"ocean_sidebar":"","ocean_second_sidebar":"","ocean_disable_margins":"enable","ocean_add_body_class":"","ocean_shortcode_before_top_bar":"","ocean_shortcode_after_top_bar":"","ocean_shortcode_before_header":"","ocean_shortcode_after_header":"","ocean_has_shortcode":"","ocean_shortcode_after_title":"","ocean_shortcode_before_footer_widgets":"","ocean_shortcode_after_footer_widgets":"","ocean_shortcode_before_footer_bottom":"","ocean_shortcode_after_footer_bottom":"","ocean_display_top_bar":"default","ocean_display_header":"default","ocean_header_style":"","ocean_center_header_left_menu":"","ocean_custom_header_template":"","ocean_custom_logo":0,"ocean_custom_retina_logo":0,"ocean_custom_logo_max_width":0,"ocean_custom_logo_tablet_max_width":0,"ocean_custom_logo_mobile_max_width":0,"ocean_custom_logo_max_height":0,"ocean_custom_logo_tablet_max_height":0,"ocean_custom_logo_mobile_max_height":0,"ocean_header_custom_menu":"","ocean_menu_typo_font_family":"","ocean_menu_typo_font_subset":"","ocean_menu_typo_font_size":0,"ocean_menu_typo_font_size_tablet":0,"ocean_menu_typo_font_size_mobile":0,"ocean_menu_typo_font_size_unit":"px","ocean_menu_typo_font_weight":"","ocean_menu_typo_font_weight_tablet":"","ocean_menu_typo_font_weight_mobile":"","ocean_menu_typo_transform":"","ocean_menu_typo_transform_tablet":"","ocean_menu_typo_transform_mobile":"","ocean_menu_typo_line_height":0,"ocean_menu_typo_line_height_tablet":0,"ocean_menu_typo_line_height_mobile":0,"ocean_menu_typo_line_height_unit":"","ocean_menu_typo_spacing":0,"ocean_menu_typo_spacing_tablet":0,"ocean_menu_typo_spacing_mobile":0,"ocean_menu_typo_spacing_unit":"","ocean_menu_link_color":"","ocean_menu_link_color_hover":"","ocean_menu_link_color_active":"","ocean_menu_link_background":"","ocean_menu_link_hover_background":"","ocean_menu_link_active_background":"","ocean_menu_social_links_bg":"","ocean_menu_social_hover_links_bg":"","ocean_menu_social_links_color":"","ocean_menu_social_hover_links_color":"","ocean_disable_title":"default","ocean_disable_heading":"default","ocean_post_title":"","ocean_post_subheading":"","ocean_post_title_style":"","ocean_post_title_background_color":"","ocean_post_title_background":0,"ocean_post_title_bg_image_position":"","ocean_post_title_bg_image_attachment":"","ocean_post_title_bg_image_repeat":"","ocean_post_title_bg_image_size":"","ocean_post_title_height":0,"ocean_post_title_bg_overlay":0.5,"ocean_post_title_bg_overlay_color":"","ocean_disable_breadcrumbs":"default","ocean_breadcrumbs_color":"","ocean_breadcrumbs_separator_color":"","ocean_breadcrumbs_links_color":"","ocean_breadcrumbs_links_hover_color":"","ocean_display_footer_widgets":"default","ocean_display_footer_bottom":"default","ocean_custom_footer_template":"","footnotes":""},"_links":{"self":[{"href":"https:\/\/www.albatrosgatineaulalievre.org\/index.php\/wp-json\/wp\/v2\/pages\/967"}],"collection":[{"href":"https:\/\/www.albatrosgatineaulalievre.org\/index.php\/wp-json\/wp\/v2\/pages"}],"about":[{"href":"https:\/\/www.albatrosgatineaulalievre.org\/index.php\/wp-json\/wp\/v2\/types\/page"}],"author":[{"embeddable":true,"href":"https:\/\/www.albatrosgatineaulalievre.org\/index.php\/wp-json\/wp\/v2\/users\/2"}],"replies":[{"embeddable":true,"href":"https:\/\/www.albatrosgatineaulalievre.org\/index.php\/wp-json\/wp\/v2\/comments?post=967"}],"version-history":[{"count":5,"href":"https:\/\/www.albatrosgatineaulalievre.org\/index.php\/wp-json\/wp\/v2\/pages\/967\/revisions"}],"predecessor-version":[{"id":1196,"href":"https:\/\/www.albatrosgatineaulalievre.org\/index.php\/wp-json\/wp\/v2\/pages\/967\/revisions\/1196"}],"wp:attachment":[{"href":"https:\/\/www.albatrosgatineaulalievre.org\/index.php\/wp-json\/wp\/v2\/media?parent=967"}],"curies":[{"name":"wp","href":"https:\/\/api.w.org\/{rel}","templated":true}]}}