{"id":973,"date":"2024-04-09T13:56:41","date_gmt":"2024-04-09T17:56:41","guid":{"rendered":"https:\/\/www.albatrosgatineaulalievre.org\/?page_id=973"},"modified":"2024-04-21T22:55:04","modified_gmt":"2024-04-22T02:55:04","slug":"organismes-commencant-par-p","status":"publish","type":"page","link":"https:\/\/www.albatrosgatineaulalievre.org\/index.php\/organismes-commencant-par-p\/","title":{"rendered":"Organismes commen\u00e7ant par P"},"content":{"rendered":"<h1>Organismes commen\u00e7ant par P<\/h1>\n<figure class=\"wp-block-table\">\n<table>\n<tbody>\n<tr style=\"background-color: #e0e0e0;\">\n<td colspan=\"9\"><center><strong>A \u00e0 Z<\/strong><\/center><\/td>\n<\/tr>\n<tr>\n<td><a href=\"https:\/\/www.albatrosgatineaulalievre.org\/index.php\/organisme-commencant-par-des-chiffres\/\">#<\/a><\/td>\n<td><a href=\"https:\/\/www.albatrosgatineaulalievre.org\/index.php\/organismes-commencant-par-a\/\">A<\/a><\/td>\n<td><a href=\"https:\/\/www.albatrosgatineaulalievre.org\/index.php\/organisme-commencant-par-b\/\">B<\/a><\/td>\n<td><a href=\"https:\/\/www.albatrosgatineaulalievre.org\/index.php\/organismes-commencant-par-c\/\">C<\/a><\/td>\n<td><a href=\"https:\/\/www.albatrosgatineaulalievre.org\/index.php\/organismes-commencant-par-d\/\">D<\/a><\/td>\n<td><a href=\"https:\/\/www.albatrosgatineaulalievre.org\/index.php\/organismes-commencant-par-e\/\">E<\/a><\/td>\n<td><a href=\"https:\/\/www.albatrosgatineaulalievre.org\/index.php\/organismes-commencant-par-f\/\">F<\/a><\/td>\n<td><a href=\"https:\/\/www.albatrosgatineaulalievre.org\/index.php\/organismes-commencant-par-h\/\">H<\/a><\/td>\n<td><a href=\"https:\/\/www.albatrosgatineaulalievre.org\/index.php\/organismes-commencant-par-l\/\">L<\/a><\/td>\n<\/tr>\n<tr>\n<td><a href=\"https:\/\/www.albatrosgatineaulalievre.org\/index.php\/organismes-commencant-par-m\/\">M<\/a><\/td>\n<td><a href=\"https:\/\/www.albatrosgatineaulalievre.org\/index.php\/organismes-commencant-par-o\/\">O<\/a><\/td>\n<td><a href=\"https:\/\/www.albatrosgatineaulalievre.org\/index.php\/organismes-commencant-par-p\/\">P<\/a><\/td>\n<td><a href=\"https:\/\/www.albatrosgatineaulalievre.org\/index.php\/organismes-commencant-par-q\/\">Q<\/a><\/td>\n<td><a href=\"https:\/\/www.albatrosgatineaulalievre.org\/index.php\/organismes-commencant-par-r\/\">R<\/a><\/td>\n<td><a href=\"https:\/\/www.albatrosgatineaulalievre.org\/index.php\/organismes-commencant-par-s\/\">S<\/a><\/td>\n<td><a href=\"https:\/\/www.albatrosgatineaulalievre.org\/index.php\/organismes-commencant-par-t\/\">T<\/a><\/td>\n<td><a href=\"https:\/\/www.albatrosgatineaulalievre.org\/index.php\/organismes-commencant-par-v\/\">V<\/a><\/td>\n<td>\u00a0<\/td>\n<\/tr>\n<\/tbody>\n<\/table>\n<\/figure>\n\n\n<h2 class=\"wp-block-heading\">Parkinson Outaouais<\/h2>\n\n\n\n<p>510, suite 102, boulevard Maloney Est,<br>Gatineau (Qu\u00e9bec)&nbsp;<br>J8P 1E7<br>(873)660-1221<br><a href=\"mailto:outaouais@parkinsonquebec.ca\" target=\"_blank\" rel=\"noreferrer noopener\">outaouais@parkinsonquebec.ca<\/a><\/p>\n\n\n\n<p>Parkinson Outaouais a pour mission d&rsquo;am\u00e9liorer la qualit\u00e9 de vie des personnes atteintes de la maladie de Parkinson et de leurs proches aidants en offrant du soutien, du r\u00e9confort, des activit\u00e9s physiques, sociales, informatives et \u00e9ducatives gratuites. Ils fournissent un lieu d&rsquo;information, d&rsquo;\u00e9change et de soutien sp\u00e9cifiquement con\u00e7u pour r\u00e9pondre aux besoins de la communaut\u00e9 touch\u00e9e par la maladie de Parkinson dans la r\u00e9gion de l&rsquo;Outaouais.<\/p>\n\n\n\n<h2 class=\"wp-block-heading\">Popote roulante d\u2019Aylmer<\/h2>\n\n\n\n<p>59, rue Bancroft,<br>Gatineau (Qu\u00e9bec)<br>J9H 4N6<br>(819) 557-0556<\/p>\n\n\n\n<p>Popote roulante d\u2019Aylmer est un service de repas chauds livr\u00e9s \u00e0 domicile aux personnes \u00e2g\u00e9es, malades ou incapables de subvenir \u00e0 leurs<\/p>\n\n\n\n<h2 class=\"wp-block-heading\">Popote roulante (secteur Gatineau)<\/h2>\n\n\n\n<p>12, avenue Gatineau<br>Gatineau (Qu\u00e9bec)<br>J8T 4J3<br><a href=\"mailto:info@benevoles-outaouais.org\" target=\"_blank\" rel=\"noreferrer noopener\">info@benevoles-outaouais.org<\/a><br><a href=\"mailto:centreadministration@videotron.ca\" target=\"_blank\" rel=\"noreferrer noopener\">centreadministration@videotron.ca<\/a><\/p>\n\n\n\n<p>La&nbsp;popote roulante&nbsp;du Centre d\u2019Action B\u00e9n\u00e9vole de Gatineau est un service permettant le maintien \u00e0 domicile des personnes en perte d\u2019autonomie physique ou cognitive du secteur Gatineau.<\/p>\n\n\n\n<h2 class=\"wp-block-heading\">Popote roulante (secteur Hull)<\/h2>\n\n\n\n<p>256A, boul. St-Joseph,<br>Gatineau (Qu\u00e9bec)<br>J8Y 3X8<br>(819) 778-2900<br>T\u00e9l\u00e9copieur: (819) 778-6133<br><a href=\"mailto:info@benevoles-outaouais.org\" target=\"_blank\" rel=\"noreferrer noopener\">info@benevoles-outaouais.org<\/a><br><a href=\"http:\/\/www.benevoles-outaouais.org\" target=\"_blank\" rel=\"noreferrer noopener\">www.benevoles-outaouais.org<\/a><\/p>\n\n\n\n<p>Popote roulante (secteur Hull) a pour but d\u2019offrir des repas chauds livr\u00e9s \u00e0 domicile aux personnes incapables de subvenir \u00e0 leurs besoins alimentaires de fa\u00e7on temporaire ou permanente.<\/p>\n\n\n\n<div class=\"wp-block-buttons is-content-justification-right is-layout-flex wp-container-core-buttons-layout-1 wp-block-buttons-is-layout-flex\">\n<div class=\"wp-block-button is-style-fill\"><a class=\"wp-block-button__link wp-element-button\" href=\"https:\/\/www.albatrosgatineaulalievre.org\/index.php\/ressources\/\">Retourner \u00e0 la page Ressources<\/a><\/div>\n<\/div>\n","protected":false},"excerpt":{"rendered":"<p>Organismes commen\u00e7ant par P A \u00e0 Z # A B C D E F H L M O P Q R S T V \u00a0 Parkinson Outaouais 510, suite 102, boulevard Maloney Est,Gatineau (Qu\u00e9bec)&nbsp;J8P 1E7(873)660-1221outaouais@parkinsonquebec.ca Parkinson Outaouais a pour mission d&rsquo;am\u00e9liorer la qualit\u00e9 de vie des personnes atteintes de la maladie de Parkinson et de [&hellip;]<\/p>\n","protected":false},"author":2,"featured_media":0,"parent":0,"menu_order":0,"comment_status":"closed","ping_status":"closed","template":"","meta":{"ocean_post_layout":"","ocean_both_sidebars_style":"","ocean_both_sidebars_content_width":0,"ocean_both_sidebars_sidebars_width":0,"ocean_sidebar":"","ocean_second_sidebar":"","ocean_disable_margins":"enable","ocean_add_body_class":"","ocean_shortcode_before_top_bar":"","ocean_shortcode_after_top_bar":"","ocean_shortcode_before_header":"","ocean_shortcode_after_header":"","ocean_has_shortcode":"","ocean_shortcode_after_title":"","ocean_shortcode_before_footer_widgets":"","ocean_shortcode_after_footer_widgets":"","ocean_shortcode_before_footer_bottom":"","ocean_shortcode_after_footer_bottom":"","ocean_display_top_bar":"default","ocean_display_header":"default","ocean_header_style":"","ocean_center_header_left_menu":"","ocean_custom_header_template":"","ocean_custom_logo":0,"ocean_custom_retina_logo":0,"ocean_custom_logo_max_width":0,"ocean_custom_logo_tablet_max_width":0,"ocean_custom_logo_mobile_max_width":0,"ocean_custom_logo_max_height":0,"ocean_custom_logo_tablet_max_height":0,"ocean_custom_logo_mobile_max_height":0,"ocean_header_custom_menu":"","ocean_menu_typo_font_family":"","ocean_menu_typo_font_subset":"","ocean_menu_typo_font_size":0,"ocean_menu_typo_font_size_tablet":0,"ocean_menu_typo_font_size_mobile":0,"ocean_menu_typo_font_size_unit":"px","ocean_menu_typo_font_weight":"","ocean_menu_typo_font_weight_tablet":"","ocean_menu_typo_font_weight_mobile":"","ocean_menu_typo_transform":"","ocean_menu_typo_transform_tablet":"","ocean_menu_typo_transform_mobile":"","ocean_menu_typo_line_height":0,"ocean_menu_typo_line_height_tablet":0,"ocean_menu_typo_line_height_mobile":0,"ocean_menu_typo_line_height_unit":"","ocean_menu_typo_spacing":0,"ocean_menu_typo_spacing_tablet":0,"ocean_menu_typo_spacing_mobile":0,"ocean_menu_typo_spacing_unit":"","ocean_menu_link_color":"","ocean_menu_link_color_hover":"","ocean_menu_link_color_active":"","ocean_menu_link_background":"","ocean_menu_link_hover_background":"","ocean_menu_link_active_background":"","ocean_menu_social_links_bg":"","ocean_menu_social_hover_links_bg":"","ocean_menu_social_links_color":"","ocean_menu_social_hover_links_color":"","ocean_disable_title":"default","ocean_disable_heading":"default","ocean_post_title":"","ocean_post_subheading":"","ocean_post_title_style":"","ocean_post_title_background_color":"","ocean_post_title_background":0,"ocean_post_title_bg_image_position":"","ocean_post_title_bg_image_attachment":"","ocean_post_title_bg_image_repeat":"","ocean_post_title_bg_image_size":"","ocean_post_title_height":0,"ocean_post_title_bg_overlay":0.5,"ocean_post_title_bg_overlay_color":"","ocean_disable_breadcrumbs":"default","ocean_breadcrumbs_color":"","ocean_breadcrumbs_separator_color":"","ocean_breadcrumbs_links_color":"","ocean_breadcrumbs_links_hover_color":"","ocean_display_footer_widgets":"default","ocean_display_footer_bottom":"default","ocean_custom_footer_template":"","footnotes":""},"_links":{"self":[{"href":"https:\/\/www.albatrosgatineaulalievre.org\/index.php\/wp-json\/wp\/v2\/pages\/973"}],"collection":[{"href":"https:\/\/www.albatrosgatineaulalievre.org\/index.php\/wp-json\/wp\/v2\/pages"}],"about":[{"href":"https:\/\/www.albatrosgatineaulalievre.org\/index.php\/wp-json\/wp\/v2\/types\/page"}],"author":[{"embeddable":true,"href":"https:\/\/www.albatrosgatineaulalievre.org\/index.php\/wp-json\/wp\/v2\/users\/2"}],"replies":[{"embeddable":true,"href":"https:\/\/www.albatrosgatineaulalievre.org\/index.php\/wp-json\/wp\/v2\/comments?post=973"}],"version-history":[{"count":8,"href":"https:\/\/www.albatrosgatineaulalievre.org\/index.php\/wp-json\/wp\/v2\/pages\/973\/revisions"}],"predecessor-version":[{"id":1527,"href":"https:\/\/www.albatrosgatineaulalievre.org\/index.php\/wp-json\/wp\/v2\/pages\/973\/revisions\/1527"}],"wp:attachment":[{"href":"https:\/\/www.albatrosgatineaulalievre.org\/index.php\/wp-json\/wp\/v2\/media?parent=973"}],"curies":[{"name":"wp","href":"https:\/\/api.w.org\/{rel}","templated":true}]}}