{"id":981,"date":"2024-04-09T14:06:44","date_gmt":"2024-04-09T18:06:44","guid":{"rendered":"https:\/\/www.albatrosgatineaulalievre.org\/?page_id=981"},"modified":"2024-04-11T17:41:44","modified_gmt":"2024-04-11T21:41:44","slug":"organismes-commencant-par-s","status":"publish","type":"page","link":"https:\/\/www.albatrosgatineaulalievre.org\/index.php\/organismes-commencant-par-s\/","title":{"rendered":"Organismes commen\u00e7ant par S"},"content":{"rendered":"<h1>Organismes commen\u00e7ant par S<\/h1>\n<figure class=\"wp-block-table\">\n<table>\n<tbody>\n<tr style=\"background-color: #e0e0e0;\">\n<td colspan=\"9\"><center><strong>A \u00e0 Z<\/strong><\/center><\/td>\n<\/tr>\n<tr>\n<td><a href=\"https:\/\/www.albatrosgatineaulalievre.org\/index.php\/organisme-commencant-par-des-chiffres\/\">#<\/a><\/td>\n<td><a href=\"https:\/\/www.albatrosgatineaulalievre.org\/index.php\/organismes-commencant-par-a\/\">A<\/a><\/td>\n<td><a href=\"https:\/\/www.albatrosgatineaulalievre.org\/index.php\/organisme-commencant-par-b\/\">B<\/a><\/td>\n<td><a href=\"https:\/\/www.albatrosgatineaulalievre.org\/index.php\/organismes-commencant-par-c\/\">C<\/a><\/td>\n<td><a href=\"https:\/\/www.albatrosgatineaulalievre.org\/index.php\/organismes-commencant-par-d\/\">D<\/a><\/td>\n<td><a href=\"https:\/\/www.albatrosgatineaulalievre.org\/index.php\/organismes-commencant-par-e\/\">E<\/a><\/td>\n<td><a href=\"https:\/\/www.albatrosgatineaulalievre.org\/index.php\/organismes-commencant-par-f\/\">F<\/a><\/td>\n<td><a href=\"https:\/\/www.albatrosgatineaulalievre.org\/index.php\/organismes-commencant-par-h\/\">H<\/a><\/td>\n<td><a href=\"https:\/\/www.albatrosgatineaulalievre.org\/index.php\/organismes-commencant-par-l\/\">L<\/a><\/td>\n<\/tr>\n<tr>\n<td><a href=\"https:\/\/www.albatrosgatineaulalievre.org\/index.php\/organismes-commencant-par-m\/\">M<\/a><\/td>\n<td><a href=\"https:\/\/www.albatrosgatineaulalievre.org\/index.php\/organismes-commencant-par-o\/\">O<\/a><\/td>\n<td><a href=\"https:\/\/www.albatrosgatineaulalievre.org\/index.php\/organismes-commencant-par-p\/\">P<\/a><\/td>\n<td><a href=\"https:\/\/www.albatrosgatineaulalievre.org\/index.php\/organismes-commencant-par-q\/\">Q<\/a><\/td>\n<td><a href=\"https:\/\/www.albatrosgatineaulalievre.org\/index.php\/organismes-commencant-par-r\/\">R<\/a><\/td>\n<td><a href=\"https:\/\/www.albatrosgatineaulalievre.org\/index.php\/organismes-commencant-par-s\/\">S<\/a><\/td>\n<td><a href=\"https:\/\/www.albatrosgatineaulalievre.org\/index.php\/organismes-commencant-par-t\/\">T<\/a><\/td>\n<td><a href=\"https:\/\/www.albatrosgatineaulalievre.org\/index.php\/organismes-commencant-par-v\/\">V<\/a><\/td>\n<td>\u00a0<\/td>\n<\/tr>\n<\/tbody>\n<\/table>\n<\/figure>\n\n<h2 class=\"wp-block-heading\">Services aux a\u00een\u00e9s des Collines<\/h2>\n\n\n\n<p>1694, Mont\u00e9e de la Source,<br>Cantley (Qu\u00e9bec)\u00a0<br>J8V3H6<br>(819) 457-9191 Poste 242<br>1-855-662-4637<br>(819) 968-3151<br><a href=\"mailto:dg@servicesauxaines.org\" target=\"_blank\" rel=\"noreferrer noopener\">dg@servicesauxaines.org<\/a><br><a href=\"mailto:aidemoi.collines@gmail.com\" target=\"_blank\" rel=\"noreferrer noopener\">aidemoi.collines@gmail.com<\/a><br><a href=\"http:\/\/www.tabledesainesdescollines.org\/\" target=\"_blank\" rel=\"noreferrer noopener\">http:\/\/www.tabledesainesdescollines.org\/<\/a><br><a href=\"https:\/\/www.facebook.com\/tabledesainesdescollines\" target=\"_blank\" rel=\"noreferrer noopener\">https:\/\/www.facebook.com\/tabledesainesdescollines<\/a><\/p>\n\n\n\n<p><strong>Carole Dagenais<\/strong><\/p>\n\n\n\n<p>Charg\u00e9e de projet<br>Soutien au b\u00e9n\u00e9volat<br>(418) 951-8674<br><a href=\"mailto:info@servicesauxaines.org\" target=\"_blank\" rel=\"noreferrer noopener\">info@servicesauxaines.org<\/a><br><a href=\"https:\/\/servicesauxaines.org\/\" target=\"_blank\" rel=\"noreferrer noopener\">servicesauxaines.org<\/a><br><a href=\"mailto:coordotaac@gmail.com\" target=\"_blank\" rel=\"noreferrer noopener\">coordotaac@gmail.com<\/a><br><a href=\"mailto:itmavdescollines@gmail.com\" target=\"_blank\" rel=\"noreferrer noopener\">itmavdescollines@gmail.com<\/a><\/p>\n\n\n\n<p>L&rsquo;objectif principal de cet organisme est de soutenir et promouvoir une meilleure qualit\u00e9 de vie pour les a\u00een\u00e9s de la MRC des Collines en r\u00e9pondant \u00e0 leurs besoins quotidiens, en favorisant une image positive de leur contribution \u00e0 la soci\u00e9t\u00e9, et en encourageant les \u00e9changes et la collaboration entre les divers organismes et individus impliqu\u00e9s dans leur bien-\u00eatre.<\/p>\n\n\n\n<h2 class=\"wp-block-heading\">Services fun\u00e9raires du Qu\u00e9bec<\/h2>\n\n\n\n<p><a href=\"https:\/\/www.msss.gouv.qc.ca\/professionnels\/documents\/domaine-funeraire\/repertoire-directeurs-funerailles.pdf\" target=\"_blank\" rel=\"noreferrer noopener\">https:\/\/www.msss.gouv.qc.ca\/professionnels\/documents\/domaine-funeraire\/repertoire-directeurs-funerailles.pdf<\/a><\/p>\n\n\n\n<h2 class=\"wp-block-heading\">Soci\u00e9t\u00e9 Alzheimer de l&rsquo;Outaouais<\/h2>\n\n\n\n<p>440 Boulevard Maloney O<br>Gatineau (Qu\u00e9bec)&nbsp;<br>J8P 6W2&nbsp;<br>(819) 777-4232<br><a href=\"mailto:info@alzheimeroutaouais.com\" target=\"_blank\" rel=\"noreferrer noopener\">info@alzheimeroutaouais.com<\/a><br><a href=\"https:\/\/alzheimeroutaouais.com\/\" target=\"_blank\" rel=\"noreferrer noopener\">https:\/\/alzheimeroutaouais.com\/<\/a><\/p>\n\n\n\n<p>La mission de l\u2019organisme est d&rsquo;accompagner et de sensibiliser les personnes affect\u00e9es par un trouble neurocognitif, tel que la maladie d&rsquo;Alzheimer, dans la r\u00e9gion de l&rsquo;Outaouais. Nous nous engageons \u00e0 offrir un soutien personnalis\u00e9 et des ressources \u00e9ducatives pour aider les individus et leurs proches \u00e0 mieux comprendre et g\u00e9rer cette condition, tout en favorisant une meilleure qualit\u00e9 de vie et un soutien communautaire accru.<\/p>\n\n\n\n<h2 class=\"wp-block-heading\">Soci\u00e9t\u00e9 de la SLA du Qu\u00e9bec<\/h2>\n\n\n\n<p>5415, rue Par\u00e9, bureau 200<br>Mont-Royal, (Qu\u00e9bec)<br>H4P 1P7<br>(514) 725-2653<br>1-877-725-7725<br><a href=\"mailto:info@sla-quebec.ca\" target=\"_blank\" rel=\"noreferrer noopener\">info@sla-quebec.ca<\/a><\/p>\n\n\n\n<p>La scl\u00e9rose lat\u00e9rale amyotrophique (SLA), \u00e9galement connue sous le nom de maladie de Lou Gehrig ou de maladie de Charcot, est la forme la plus courante des maladies des motoneurones (MMN). Nous offrons une gamme compl\u00e8te de services aux Qu\u00e9b\u00e9cois atteints de la SLA et aux membres de leur famille \u00e0 chaque \u00e9tape de la maladie, allant du diagnostic \u00e0 la fin de vie et au deuil. Les personnes atteintes de la scl\u00e9rose lat\u00e9rale primitive (SLP) et leur famille peuvent \u00e9galement profiter de nos services.<\/p>\n\n\n\n<h2 class=\"wp-block-heading\">Soci\u00e9t\u00e9 de transport adapt\u00e9<\/h2>\n\n\n\n<p>111, rue Jean-Proulx,<br>Gatineau (Qu\u00e9bec)<br>J8Z1T4<br>(819) 773-2222<\/p>\n\n\n\n<p>L&rsquo;entreprise de transport m\u00e9dical priv\u00e9 vise \u00e0 offrir des services de transport sp\u00e9cialis\u00e9 pour r\u00e9pondre aux besoins de ceux qui n\u00e9cessitent des d\u00e9placements m\u00e9dicaux s\u00e9curis\u00e9s et confortables. En tant que prestataire priv\u00e9, l&rsquo;entreprise s&rsquo;engage \u00e0 fournir un service fiable et personnalis\u00e9, en mettant l&rsquo;accent sur la qualit\u00e9 et la commodit\u00e9 pour ses clients.<\/p>\n\n\n\n<h2 class=\"wp-block-heading\">S.O.S suicide 988<\/h2>\n\n\n\n<p>9-8-8 : Ligne d&rsquo;aide en cas de crise de suicide disponible 24\/7 par t\u00e9l\u00e9phone<\/p>\n\n\n<div class=\"wp-block-buttons is-content-justification-right is-layout-flex wp-container-core-buttons-layout-1 wp-block-buttons-is-layout-flex\">\n<div class=\"wp-block-button is-style-fill\"><a class=\"wp-block-button__link wp-element-button\" href=\"https:\/\/www.albatrosgatineaulalievre.org\/index.php\/ressources\/\">Retourner \u00e0 la page Ressources<\/a><\/div>\n<\/div>\n","protected":false},"excerpt":{"rendered":"<p>Organismes commen\u00e7ant par S A \u00e0 Z # A B C D E F H L M O P Q R S T V \u00a0 Services aux a\u00een\u00e9s des Collines 1694, Mont\u00e9e de la Source,Cantley (Qu\u00e9bec)\u00a0J8V3H6(819) 457-9191 Poste 2421-855-662-4637(819) 968-3151dg@servicesauxaines.orgaidemoi.collines@gmail.comhttp:\/\/www.tabledesainesdescollines.org\/https:\/\/www.facebook.com\/tabledesainesdescollines Carole Dagenais Charg\u00e9e de projetSoutien au b\u00e9n\u00e9volat(418) 951-8674info@servicesauxaines.orgservicesauxaines.orgcoordotaac@gmail.comitmavdescollines@gmail.com L&rsquo;objectif principal de cet organisme est de [&hellip;]<\/p>\n","protected":false},"author":2,"featured_media":0,"parent":0,"menu_order":0,"comment_status":"closed","ping_status":"closed","template":"","meta":{"ocean_post_layout":"","ocean_both_sidebars_style":"","ocean_both_sidebars_content_width":0,"ocean_both_sidebars_sidebars_width":0,"ocean_sidebar":"","ocean_second_sidebar":"","ocean_disable_margins":"enable","ocean_add_body_class":"","ocean_shortcode_before_top_bar":"","ocean_shortcode_after_top_bar":"","ocean_shortcode_before_header":"","ocean_shortcode_after_header":"","ocean_has_shortcode":"","ocean_shortcode_after_title":"","ocean_shortcode_before_footer_widgets":"","ocean_shortcode_after_footer_widgets":"","ocean_shortcode_before_footer_bottom":"","ocean_shortcode_after_footer_bottom":"","ocean_display_top_bar":"default","ocean_display_header":"default","ocean_header_style":"","ocean_center_header_left_menu":"","ocean_custom_header_template":"","ocean_custom_logo":0,"ocean_custom_retina_logo":0,"ocean_custom_logo_max_width":0,"ocean_custom_logo_tablet_max_width":0,"ocean_custom_logo_mobile_max_width":0,"ocean_custom_logo_max_height":0,"ocean_custom_logo_tablet_max_height":0,"ocean_custom_logo_mobile_max_height":0,"ocean_header_custom_menu":"","ocean_menu_typo_font_family":"","ocean_menu_typo_font_subset":"","ocean_menu_typo_font_size":0,"ocean_menu_typo_font_size_tablet":0,"ocean_menu_typo_font_size_mobile":0,"ocean_menu_typo_font_size_unit":"px","ocean_menu_typo_font_weight":"","ocean_menu_typo_font_weight_tablet":"","ocean_menu_typo_font_weight_mobile":"","ocean_menu_typo_transform":"","ocean_menu_typo_transform_tablet":"","ocean_menu_typo_transform_mobile":"","ocean_menu_typo_line_height":0,"ocean_menu_typo_line_height_tablet":0,"ocean_menu_typo_line_height_mobile":0,"ocean_menu_typo_line_height_unit":"","ocean_menu_typo_spacing":0,"ocean_menu_typo_spacing_tablet":0,"ocean_menu_typo_spacing_mobile":0,"ocean_menu_typo_spacing_unit":"","ocean_menu_link_color":"","ocean_menu_link_color_hover":"","ocean_menu_link_color_active":"","ocean_menu_link_background":"","ocean_menu_link_hover_background":"","ocean_menu_link_active_background":"","ocean_menu_social_links_bg":"","ocean_menu_social_hover_links_bg":"","ocean_menu_social_links_color":"","ocean_menu_social_hover_links_color":"","ocean_disable_title":"default","ocean_disable_heading":"default","ocean_post_title":"","ocean_post_subheading":"","ocean_post_title_style":"","ocean_post_title_background_color":"","ocean_post_title_background":0,"ocean_post_title_bg_image_position":"","ocean_post_title_bg_image_attachment":"","ocean_post_title_bg_image_repeat":"","ocean_post_title_bg_image_size":"","ocean_post_title_height":0,"ocean_post_title_bg_overlay":0.5,"ocean_post_title_bg_overlay_color":"","ocean_disable_breadcrumbs":"default","ocean_breadcrumbs_color":"","ocean_breadcrumbs_separator_color":"","ocean_breadcrumbs_links_color":"","ocean_breadcrumbs_links_hover_color":"","ocean_display_footer_widgets":"default","ocean_display_footer_bottom":"default","ocean_custom_footer_template":"","footnotes":""},"_links":{"self":[{"href":"https:\/\/www.albatrosgatineaulalievre.org\/index.php\/wp-json\/wp\/v2\/pages\/981"}],"collection":[{"href":"https:\/\/www.albatrosgatineaulalievre.org\/index.php\/wp-json\/wp\/v2\/pages"}],"about":[{"href":"https:\/\/www.albatrosgatineaulalievre.org\/index.php\/wp-json\/wp\/v2\/types\/page"}],"author":[{"embeddable":true,"href":"https:\/\/www.albatrosgatineaulalievre.org\/index.php\/wp-json\/wp\/v2\/users\/2"}],"replies":[{"embeddable":true,"href":"https:\/\/www.albatrosgatineaulalievre.org\/index.php\/wp-json\/wp\/v2\/comments?post=981"}],"version-history":[{"count":5,"href":"https:\/\/www.albatrosgatineaulalievre.org\/index.php\/wp-json\/wp\/v2\/pages\/981\/revisions"}],"predecessor-version":[{"id":1202,"href":"https:\/\/www.albatrosgatineaulalievre.org\/index.php\/wp-json\/wp\/v2\/pages\/981\/revisions\/1202"}],"wp:attachment":[{"href":"https:\/\/www.albatrosgatineaulalievre.org\/index.php\/wp-json\/wp\/v2\/media?parent=981"}],"curies":[{"name":"wp","href":"https:\/\/api.w.org\/{rel}","templated":true}]}}