{"id":988,"date":"2024-04-09T14:16:33","date_gmt":"2024-04-09T18:16:33","guid":{"rendered":"https:\/\/www.albatrosgatineaulalievre.org\/?page_id=988"},"modified":"2024-04-11T17:42:41","modified_gmt":"2024-04-11T21:42:41","slug":"organismes-commencant-par-v","status":"publish","type":"page","link":"https:\/\/www.albatrosgatineaulalievre.org\/index.php\/organismes-commencant-par-v\/","title":{"rendered":"Organismes commen\u00e7ant par V"},"content":{"rendered":"<h1>Organismes commen\u00e7ant par V<\/h1>\n<figure class=\"wp-block-table\">\n<table>\n<tbody>\n<tr style=\"background-color: #e0e0e0;\">\n<td colspan=\"9\"><center><strong>A \u00e0 Z<\/strong><\/center><\/td>\n<\/tr>\n<tr>\n<td><a href=\"https:\/\/www.albatrosgatineaulalievre.org\/index.php\/organisme-commencant-par-des-chiffres\/\">#<\/a><\/td>\n<td><a href=\"https:\/\/www.albatrosgatineaulalievre.org\/index.php\/organismes-commencant-par-a\/\">A<\/a><\/td>\n<td><a href=\"https:\/\/www.albatrosgatineaulalievre.org\/index.php\/organisme-commencant-par-b\/\">B<\/a><\/td>\n<td><a href=\"https:\/\/www.albatrosgatineaulalievre.org\/index.php\/organismes-commencant-par-c\/\">C<\/a><\/td>\n<td><a href=\"https:\/\/www.albatrosgatineaulalievre.org\/index.php\/organismes-commencant-par-d\/\">D<\/a><\/td>\n<td><a href=\"https:\/\/www.albatrosgatineaulalievre.org\/index.php\/organismes-commencant-par-e\/\">E<\/a><\/td>\n<td><a href=\"https:\/\/www.albatrosgatineaulalievre.org\/index.php\/organismes-commencant-par-f\/\">F<\/a><\/td>\n<td><a href=\"https:\/\/www.albatrosgatineaulalievre.org\/index.php\/organismes-commencant-par-h\/\">H<\/a><\/td>\n<td><a href=\"https:\/\/www.albatrosgatineaulalievre.org\/index.php\/organismes-commencant-par-l\/\">L<\/a><\/td>\n<\/tr>\n<tr>\n<td><a href=\"https:\/\/www.albatrosgatineaulalievre.org\/index.php\/organismes-commencant-par-m\/\">M<\/a><\/td>\n<td><a href=\"https:\/\/www.albatrosgatineaulalievre.org\/index.php\/organismes-commencant-par-o\/\">O<\/a><\/td>\n<td><a href=\"https:\/\/www.albatrosgatineaulalievre.org\/index.php\/organismes-commencant-par-p\/\">P<\/a><\/td>\n<td><a href=\"https:\/\/www.albatrosgatineaulalievre.org\/index.php\/organismes-commencant-par-q\/\">Q<\/a><\/td>\n<td><a href=\"https:\/\/www.albatrosgatineaulalievre.org\/index.php\/organismes-commencant-par-r\/\">R<\/a><\/td>\n<td><a href=\"https:\/\/www.albatrosgatineaulalievre.org\/index.php\/organismes-commencant-par-s\/\">S<\/a><\/td>\n<td><a href=\"https:\/\/www.albatrosgatineaulalievre.org\/index.php\/organismes-commencant-par-t\/\">T<\/a><\/td>\n<td><a href=\"https:\/\/www.albatrosgatineaulalievre.org\/index.php\/organismes-commencant-par-v\/\">V<\/a><\/td>\n<td>\u00a0<\/td>\n<\/tr>\n<\/tbody>\n<\/table>\n<\/figure>\n\n<h2 class=\"wp-block-heading\">Voix et solidarit\u00e9 des aidants naturels de la Vall\u00e9e-de-la-Gatineau<\/h2>\n\n\n\n<p>248, rue Cartier<br>Maniwaki (Qu\u00e9bec)<br>J9E 3P5<br>(819)441-1001<br>1-855-448-1818<br><a href=\"mailto:voix.solidarite.vg@hotmail.com\" target=\"_blank\" rel=\"noreferrer noopener\">voix.solidarite.vg@hotmail.com<\/a><br><br><\/p>\n\n\n\n<p>Voix et solidarit\u00e9 des aidants naturels de la Vall\u00e9e-de-la-Gatineau est un organisme communautaire autonome \u00e0 but non lucratif d\u00e9di\u00e9 \u00e0 regrouper, soutenir et promouvoir les droits et int\u00e9r\u00eats des aidants naturels. Leur mission vise \u00e0 offrir une gamme de services incluant un soutien \u00e9motionnel, des activit\u00e9s pour briser l&rsquo;isolement, de la formation et du r\u00e9pit, tant \u00e0 domicile qu&rsquo;\u00e0 l&rsquo;ext\u00e9rieur, afin d&rsquo;am\u00e9liorer la qualit\u00e9 de vie des personnes proches aidantes dans la r\u00e9gion de la Vall\u00e9e-de-la-Gatineau.<\/p>\n\n\n\n<h2 class=\"wp-block-heading\">Ville de Gatineau<\/h2>\n\n\n\n<p>Contactez le 311, Ou visitez le <a href=\"http:\/\/www.gatineau.ca\" target=\"_blank\" rel=\"noreferrer noopener\">www.gatineau.ca<\/a><\/p>\n\n\n<div class=\"wp-block-buttons is-content-justification-right is-layout-flex wp-container-core-buttons-layout-1 wp-block-buttons-is-layout-flex\">\n<div class=\"wp-block-button is-style-fill\"><a class=\"wp-block-button__link wp-element-button\" href=\"https:\/\/www.albatrosgatineaulalievre.org\/index.php\/ressources\/\">Retourner \u00e0 la page Ressources<\/a><\/div>\n<\/div>\n","protected":false},"excerpt":{"rendered":"<p>Organismes commen\u00e7ant par V A \u00e0 Z # A B C D E F H L M O P Q R S T V \u00a0 Voix et solidarit\u00e9 des aidants naturels de la Vall\u00e9e-de-la-Gatineau 248, rue CartierManiwaki (Qu\u00e9bec)J9E 3P5(819)441-10011-855-448-1818voix.solidarite.vg@hotmail.com Voix et solidarit\u00e9 des aidants naturels de la Vall\u00e9e-de-la-Gatineau est un organisme communautaire autonome \u00e0 but [&hellip;]<\/p>\n","protected":false},"author":2,"featured_media":0,"parent":0,"menu_order":0,"comment_status":"closed","ping_status":"closed","template":"","meta":{"ocean_post_layout":"","ocean_both_sidebars_style":"","ocean_both_sidebars_content_width":0,"ocean_both_sidebars_sidebars_width":0,"ocean_sidebar":"","ocean_second_sidebar":"","ocean_disable_margins":"enable","ocean_add_body_class":"","ocean_shortcode_before_top_bar":"","ocean_shortcode_after_top_bar":"","ocean_shortcode_before_header":"","ocean_shortcode_after_header":"","ocean_has_shortcode":"","ocean_shortcode_after_title":"","ocean_shortcode_before_footer_widgets":"","ocean_shortcode_after_footer_widgets":"","ocean_shortcode_before_footer_bottom":"","ocean_shortcode_after_footer_bottom":"","ocean_display_top_bar":"default","ocean_display_header":"default","ocean_header_style":"","ocean_center_header_left_menu":"","ocean_custom_header_template":"","ocean_custom_logo":0,"ocean_custom_retina_logo":0,"ocean_custom_logo_max_width":0,"ocean_custom_logo_tablet_max_width":0,"ocean_custom_logo_mobile_max_width":0,"ocean_custom_logo_max_height":0,"ocean_custom_logo_tablet_max_height":0,"ocean_custom_logo_mobile_max_height":0,"ocean_header_custom_menu":"","ocean_menu_typo_font_family":"","ocean_menu_typo_font_subset":"","ocean_menu_typo_font_size":0,"ocean_menu_typo_font_size_tablet":0,"ocean_menu_typo_font_size_mobile":0,"ocean_menu_typo_font_size_unit":"px","ocean_menu_typo_font_weight":"","ocean_menu_typo_font_weight_tablet":"","ocean_menu_typo_font_weight_mobile":"","ocean_menu_typo_transform":"","ocean_menu_typo_transform_tablet":"","ocean_menu_typo_transform_mobile":"","ocean_menu_typo_line_height":0,"ocean_menu_typo_line_height_tablet":0,"ocean_menu_typo_line_height_mobile":0,"ocean_menu_typo_line_height_unit":"","ocean_menu_typo_spacing":0,"ocean_menu_typo_spacing_tablet":0,"ocean_menu_typo_spacing_mobile":0,"ocean_menu_typo_spacing_unit":"","ocean_menu_link_color":"","ocean_menu_link_color_hover":"","ocean_menu_link_color_active":"","ocean_menu_link_background":"","ocean_menu_link_hover_background":"","ocean_menu_link_active_background":"","ocean_menu_social_links_bg":"","ocean_menu_social_hover_links_bg":"","ocean_menu_social_links_color":"","ocean_menu_social_hover_links_color":"","ocean_disable_title":"default","ocean_disable_heading":"default","ocean_post_title":"","ocean_post_subheading":"","ocean_post_title_style":"","ocean_post_title_background_color":"","ocean_post_title_background":0,"ocean_post_title_bg_image_position":"","ocean_post_title_bg_image_attachment":"","ocean_post_title_bg_image_repeat":"","ocean_post_title_bg_image_size":"","ocean_post_title_height":0,"ocean_post_title_bg_overlay":0.5,"ocean_post_title_bg_overlay_color":"","ocean_disable_breadcrumbs":"default","ocean_breadcrumbs_color":"","ocean_breadcrumbs_separator_color":"","ocean_breadcrumbs_links_color":"","ocean_breadcrumbs_links_hover_color":"","ocean_display_footer_widgets":"default","ocean_display_footer_bottom":"default","ocean_custom_footer_template":"","footnotes":""},"_links":{"self":[{"href":"https:\/\/www.albatrosgatineaulalievre.org\/index.php\/wp-json\/wp\/v2\/pages\/988"}],"collection":[{"href":"https:\/\/www.albatrosgatineaulalievre.org\/index.php\/wp-json\/wp\/v2\/pages"}],"about":[{"href":"https:\/\/www.albatrosgatineaulalievre.org\/index.php\/wp-json\/wp\/v2\/types\/page"}],"author":[{"embeddable":true,"href":"https:\/\/www.albatrosgatineaulalievre.org\/index.php\/wp-json\/wp\/v2\/users\/2"}],"replies":[{"embeddable":true,"href":"https:\/\/www.albatrosgatineaulalievre.org\/index.php\/wp-json\/wp\/v2\/comments?post=988"}],"version-history":[{"count":5,"href":"https:\/\/www.albatrosgatineaulalievre.org\/index.php\/wp-json\/wp\/v2\/pages\/988\/revisions"}],"predecessor-version":[{"id":1204,"href":"https:\/\/www.albatrosgatineaulalievre.org\/index.php\/wp-json\/wp\/v2\/pages\/988\/revisions\/1204"}],"wp:attachment":[{"href":"https:\/\/www.albatrosgatineaulalievre.org\/index.php\/wp-json\/wp\/v2\/media?parent=988"}],"curies":[{"name":"wp","href":"https:\/\/api.w.org\/{rel}","templated":true}]}}